{"id":25628,"date":"2019-03-08T14:20:26","date_gmt":"2019-03-08T13:20:26","guid":{"rendered":"https:\/\/www.balconi.it\/linee-alimentazione-nastro\/"},"modified":"2019-07-19T10:26:04","modified_gmt":"2019-07-19T08:26:04","slug":"linee-alimentazione-nastro","status":"publish","type":"page","link":"https:\/\/balconi.it\/fr\/linee-alimentazione-nastro\/","title":{"rendered":"Lignes de Deroulage"},"content":{"rendered":"<div class=\"wpb-content-wrapper\"><p>[vc_row][vc_column][vc_column_text]<\/p>\n<h2 style=\"text-align: center;\">LIGNES DE DEROULAGE BANDE<\/h2>\n<p>[\/vc_column_text][vc_empty_space height=&#8221;20px&#8221;][vc_column_text]Balconi fabrique ses lignes de d\u00e9roulage pour bandes de 1000 \u00e0 2000 mm de largeur.<br \/>\nCes lignes sont enti\u00e8rement int\u00e9gr\u00e9es dans l\u2019automate de la presse pour permettre une r\u00e9duction des temps de changement de production. [\/vc_column_text][\/vc_column][\/vc_row][vc_row][vc_column][vc_single_image image=&#8221;25009&#8243; img_size=&#8221;medium&#8221;][\/vc_column][\/vc_row][vc_row][vc_column][vc_separator color=&#8221;custom&#8221; border_width=&#8221;2&#8243; accent_color=&#8221;#1a9667&#8243;][\/vc_column][\/vc_row][vc_row][vc_column][vc_single_image image=&#8221;25010&#8243; img_size=&#8221;medium&#8221;][\/vc_column][\/vc_row][vc_row][vc_column][vc_separator color=&#8221;custom&#8221; border_width=&#8221;2&#8243; accent_color=&#8221;#1a9667&#8243;][\/vc_column][\/vc_row][vc_row][vc_column][vc_single_image image=&#8221;25017&#8243; img_size=&#8221;medium&#8221;][\/vc_column][\/vc_row][vc_row][vc_column][vc_separator color=&#8221;custom&#8221; border_width=&#8221;2&#8243; accent_color=&#8221;#1a9667&#8243;][\/vc_column][\/vc_row][vc_row][vc_column][vc_single_image image=&#8221;25011&#8243; img_size=&#8221;medium&#8221;][\/vc_column][\/vc_row]<\/p>\n<\/div>","protected":false},"excerpt":{"rendered":"<p>[vc_row][vc_column][vc_column_text] LIGNES DE DEROULAGE BANDE [\/vc_column_text][vc_empty_space height=&#8221;20px&#8221;][vc_column_text]Balconi fabrique ses lignes de d\u00e9roulage pour bandes de 1000 \u00e0 2000 mm de largeur. Ces lignes sont enti\u00e8rement int\u00e9gr\u00e9es dans l\u2019automate de la presse pour permettre une r\u00e9duction des temps de changement de&#8230;<\/p>\n","protected":false},"author":1,"featured_media":0,"parent":0,"menu_order":0,"comment_status":"closed","ping_status":"closed","template":"","meta":{"footnotes":""},"yoast_head":"<!-- This site is optimized with the Yoast SEO plugin v22.4 - https:\/\/yoast.com\/wordpress\/plugins\/seo\/ -->\n<title>Lignes de Deroulage - Balconi Presseccentriche<\/title>\n<meta name=\"robots\" content=\"index, follow, max-snippet:-1, max-image-preview:large, max-video-preview:-1\" \/>\n<link rel=\"canonical\" href=\"https:\/\/balconi.it\/fr\/linee-alimentazione-nastro\/\" \/>\n<meta property=\"og:locale\" content=\"fr_FR\" \/>\n<meta property=\"og:type\" content=\"article\" \/>\n<meta property=\"og:title\" content=\"Lignes de Deroulage - Balconi Presseccentriche\" \/>\n<meta property=\"og:description\" content=\"[vc_row][vc_column][vc_column_text] LIGNES DE DEROULAGE BANDE [\/vc_column_text][vc_empty_space height=&#8221;20px&#8221;][vc_column_text]Balconi fabrique ses lignes de d\u00e9roulage pour bandes de 1000 \u00e0 2000 mm de largeur. Ces lignes sont enti\u00e8rement int\u00e9gr\u00e9es dans l\u2019automate de la presse pour permettre une r\u00e9duction des temps de changement de...\" \/>\n<meta property=\"og:url\" content=\"https:\/\/balconi.it\/fr\/linee-alimentazione-nastro\/\" \/>\n<meta property=\"og:site_name\" content=\"Balconi Presseccentriche\" \/>\n<meta property=\"article:modified_time\" content=\"2019-07-19T08:26:04+00:00\" \/>\n<meta name=\"twitter:card\" content=\"summary_large_image\" \/>\n<meta name=\"twitter:label1\" content=\"Dur\u00e9e de lecture estim\u00e9e\" \/>\n\t<meta name=\"twitter:data1\" content=\"1 minute\" \/>\n<script type=\"application\/ld+json\" class=\"yoast-schema-graph\">{\"@context\":\"https:\/\/schema.org\",\"@graph\":[{\"@type\":\"WebPage\",\"@id\":\"https:\/\/balconi.it\/fr\/linee-alimentazione-nastro\/\",\"url\":\"https:\/\/balconi.it\/fr\/linee-alimentazione-nastro\/\",\"name\":\"Lignes de Deroulage - Balconi Presseccentriche\",\"isPartOf\":{\"@id\":\"https:\/\/balconi.it\/#website\"},\"datePublished\":\"2019-03-08T13:20:26+00:00\",\"dateModified\":\"2019-07-19T08:26:04+00:00\",\"breadcrumb\":{\"@id\":\"https:\/\/balconi.it\/fr\/linee-alimentazione-nastro\/#breadcrumb\"},\"inLanguage\":\"fr-FR\",\"potentialAction\":[{\"@type\":\"ReadAction\",\"target\":[\"https:\/\/balconi.it\/fr\/linee-alimentazione-nastro\/\"]}]},{\"@type\":\"BreadcrumbList\",\"@id\":\"https:\/\/balconi.it\/fr\/linee-alimentazione-nastro\/#breadcrumb\",\"itemListElement\":[{\"@type\":\"ListItem\",\"position\":1,\"name\":\"Home\",\"item\":\"https:\/\/balconi.it\/fr\/\"},{\"@type\":\"ListItem\",\"position\":2,\"name\":\"Lignes de Deroulage\"}]},{\"@type\":\"WebSite\",\"@id\":\"https:\/\/balconi.it\/#website\",\"url\":\"https:\/\/balconi.it\/\",\"name\":\"Balconi Presseccentriche\",\"description\":\"\",\"publisher\":{\"@id\":\"https:\/\/balconi.it\/#organization\"},\"potentialAction\":[{\"@type\":\"SearchAction\",\"target\":{\"@type\":\"EntryPoint\",\"urlTemplate\":\"https:\/\/balconi.it\/?s={search_term_string}\"},\"query-input\":\"required name=search_term_string\"}],\"inLanguage\":\"fr-FR\"},{\"@type\":\"Organization\",\"@id\":\"https:\/\/balconi.it\/#organization\",\"name\":\"Balconi Presseccentriche S.p.A.\",\"url\":\"https:\/\/balconi.it\/\",\"logo\":{\"@type\":\"ImageObject\",\"inLanguage\":\"fr-FR\",\"@id\":\"https:\/\/balconi.it\/#\/schema\/logo\/image\/\",\"url\":\"http:\/\/balconi.it\/wp-content\/uploads\/2018\/10\/balconi.jpg\",\"contentUrl\":\"http:\/\/balconi.it\/wp-content\/uploads\/2018\/10\/balconi.jpg\",\"width\":1207,\"height\":1057,\"caption\":\"Balconi Presseccentriche S.p.A.\"},\"image\":{\"@id\":\"https:\/\/balconi.it\/#\/schema\/logo\/image\/\"}}]}<\/script>\n<!-- \/ Yoast SEO plugin. -->","yoast_head_json":{"title":"Lignes de Deroulage - Balconi Presseccentriche","robots":{"index":"index","follow":"follow","max-snippet":"max-snippet:-1","max-image-preview":"max-image-preview:large","max-video-preview":"max-video-preview:-1"},"canonical":"https:\/\/balconi.it\/fr\/linee-alimentazione-nastro\/","og_locale":"fr_FR","og_type":"article","og_title":"Lignes de Deroulage - Balconi Presseccentriche","og_description":"[vc_row][vc_column][vc_column_text] LIGNES DE DEROULAGE BANDE [\/vc_column_text][vc_empty_space height=&#8221;20px&#8221;][vc_column_text]Balconi fabrique ses lignes de d\u00e9roulage pour bandes de 1000 \u00e0 2000 mm de largeur. Ces lignes sont enti\u00e8rement int\u00e9gr\u00e9es dans l\u2019automate de la presse pour permettre une r\u00e9duction des temps de changement de...","og_url":"https:\/\/balconi.it\/fr\/linee-alimentazione-nastro\/","og_site_name":"Balconi Presseccentriche","article_modified_time":"2019-07-19T08:26:04+00:00","twitter_card":"summary_large_image","twitter_misc":{"Dur\u00e9e de lecture estim\u00e9e":"1 minute"},"schema":{"@context":"https:\/\/schema.org","@graph":[{"@type":"WebPage","@id":"https:\/\/balconi.it\/fr\/linee-alimentazione-nastro\/","url":"https:\/\/balconi.it\/fr\/linee-alimentazione-nastro\/","name":"Lignes de Deroulage - Balconi Presseccentriche","isPartOf":{"@id":"https:\/\/balconi.it\/#website"},"datePublished":"2019-03-08T13:20:26+00:00","dateModified":"2019-07-19T08:26:04+00:00","breadcrumb":{"@id":"https:\/\/balconi.it\/fr\/linee-alimentazione-nastro\/#breadcrumb"},"inLanguage":"fr-FR","potentialAction":[{"@type":"ReadAction","target":["https:\/\/balconi.it\/fr\/linee-alimentazione-nastro\/"]}]},{"@type":"BreadcrumbList","@id":"https:\/\/balconi.it\/fr\/linee-alimentazione-nastro\/#breadcrumb","itemListElement":[{"@type":"ListItem","position":1,"name":"Home","item":"https:\/\/balconi.it\/fr\/"},{"@type":"ListItem","position":2,"name":"Lignes de Deroulage"}]},{"@type":"WebSite","@id":"https:\/\/balconi.it\/#website","url":"https:\/\/balconi.it\/","name":"Balconi Presseccentriche","description":"","publisher":{"@id":"https:\/\/balconi.it\/#organization"},"potentialAction":[{"@type":"SearchAction","target":{"@type":"EntryPoint","urlTemplate":"https:\/\/balconi.it\/?s={search_term_string}"},"query-input":"required name=search_term_string"}],"inLanguage":"fr-FR"},{"@type":"Organization","@id":"https:\/\/balconi.it\/#organization","name":"Balconi Presseccentriche S.p.A.","url":"https:\/\/balconi.it\/","logo":{"@type":"ImageObject","inLanguage":"fr-FR","@id":"https:\/\/balconi.it\/#\/schema\/logo\/image\/","url":"http:\/\/balconi.it\/wp-content\/uploads\/2018\/10\/balconi.jpg","contentUrl":"http:\/\/balconi.it\/wp-content\/uploads\/2018\/10\/balconi.jpg","width":1207,"height":1057,"caption":"Balconi Presseccentriche S.p.A."},"image":{"@id":"https:\/\/balconi.it\/#\/schema\/logo\/image\/"}}]}},"_links":{"self":[{"href":"https:\/\/balconi.it\/fr\/wp-json\/wp\/v2\/pages\/25628"}],"collection":[{"href":"https:\/\/balconi.it\/fr\/wp-json\/wp\/v2\/pages"}],"about":[{"href":"https:\/\/balconi.it\/fr\/wp-json\/wp\/v2\/types\/page"}],"author":[{"embeddable":true,"href":"https:\/\/balconi.it\/fr\/wp-json\/wp\/v2\/users\/1"}],"replies":[{"embeddable":true,"href":"https:\/\/balconi.it\/fr\/wp-json\/wp\/v2\/comments?post=25628"}],"version-history":[{"count":4,"href":"https:\/\/balconi.it\/fr\/wp-json\/wp\/v2\/pages\/25628\/revisions"}],"predecessor-version":[{"id":25714,"href":"https:\/\/balconi.it\/fr\/wp-json\/wp\/v2\/pages\/25628\/revisions\/25714"}],"wp:attachment":[{"href":"https:\/\/balconi.it\/fr\/wp-json\/wp\/v2\/media?parent=25628"}],"curies":[{"name":"wp","href":"https:\/\/api.w.org\/{rel}","templated":true}]}}