{"id":25625,"date":"2019-03-08T14:14:31","date_gmt":"2019-03-08T13:14:31","guid":{"rendered":"https:\/\/www.balconi.it\/alimentatori\/"},"modified":"2019-07-23T14:37:23","modified_gmt":"2019-07-23T12:37:23","slug":"alimentatori","status":"publish","type":"page","link":"https:\/\/balconi.it\/fr\/alimentatori\/","title":{"rendered":"Amenages"},"content":{"rendered":"<div class=\"wpb-content-wrapper\"><p>[vc_row][vc_column][vc_column_text]<\/p>\n<h2 style=\"text-align: center;\">AMENAGES<\/h2>\n<p>[\/vc_column_text][vc_empty_space height=&#8221;20px&#8221;][vc_column_text]Balconi fabrique amenages \u00e9lectroniques pour largeurs de bandes de 200 \u00e0 2000 mm<br \/>\nLes amenages sont enti\u00e8rement int\u00e9gr\u00e9s dans l\u2019automate de la presse pour permettre une r\u00e9duction des temps de changement de production.[\/vc_column_text][\/vc_column][\/vc_row][vc_row][vc_column][vc_single_image image=&#8221;25000&#8243; img_size=&#8221;medium&#8221;][\/vc_column][\/vc_row][vc_row][vc_column][vc_separator color=&#8221;custom&#8221; border_width=&#8221;2&#8243; accent_color=&#8221;#1a9667&#8243;][\/vc_column][\/vc_row][vc_row][vc_column][vc_single_image image=&#8221;25001&#8243; img_size=&#8221;medium&#8221;][\/vc_column][\/vc_row][vc_row][vc_column][vc_separator color=&#8221;custom&#8221; border_width=&#8221;2&#8243; accent_color=&#8221;#1a9667&#8243;][\/vc_column][\/vc_row][vc_row][vc_column][vc_single_image image=&#8221;25002&#8243; img_size=&#8221;medium&#8221;][\/vc_column][\/vc_row]<\/p>\n<\/div>","protected":false},"excerpt":{"rendered":"<p>[vc_row][vc_column][vc_column_text] AMENAGES [\/vc_column_text][vc_empty_space height=&#8221;20px&#8221;][vc_column_text]Balconi fabrique amenages \u00e9lectroniques pour largeurs de bandes de 200 \u00e0 2000 mm Les amenages sont enti\u00e8rement int\u00e9gr\u00e9s dans l\u2019automate de la presse pour permettre une r\u00e9duction des temps de changement de production.[\/vc_column_text][\/vc_column][\/vc_row][vc_row][vc_column][vc_single_image image=&#8221;25000&#8243; img_size=&#8221;medium&#8221;][\/vc_column][\/vc_row][vc_row][vc_column][vc_separator color=&#8221;custom&#8221; border_width=&#8221;2&#8243;&#8230;<\/p>\n","protected":false},"author":1,"featured_media":0,"parent":0,"menu_order":0,"comment_status":"closed","ping_status":"closed","template":"","meta":{"footnotes":""},"yoast_head":"<!-- This site is optimized with the Yoast SEO plugin v22.4 - https:\/\/yoast.com\/wordpress\/plugins\/seo\/ -->\n<title>Amenages - Balconi Presseccentriche<\/title>\n<meta name=\"robots\" content=\"index, follow, max-snippet:-1, max-image-preview:large, max-video-preview:-1\" \/>\n<link rel=\"canonical\" href=\"https:\/\/balconi.it\/fr\/alimentatori\/\" \/>\n<meta property=\"og:locale\" content=\"fr_FR\" \/>\n<meta property=\"og:type\" content=\"article\" \/>\n<meta property=\"og:title\" content=\"Amenages - Balconi Presseccentriche\" \/>\n<meta property=\"og:description\" content=\"[vc_row][vc_column][vc_column_text] AMENAGES [\/vc_column_text][vc_empty_space height=&#8221;20px&#8221;][vc_column_text]Balconi fabrique amenages \u00e9lectroniques pour largeurs de bandes de 200 \u00e0 2000 mm Les amenages sont enti\u00e8rement int\u00e9gr\u00e9s dans l\u2019automate de la presse pour permettre une r\u00e9duction des temps de changement de production.[\/vc_column_text][\/vc_column][\/vc_row][vc_row][vc_column][vc_single_image image=&#8221;25000&#8243; img_size=&#8221;medium&#8221;][\/vc_column][\/vc_row][vc_row][vc_column][vc_separator color=&#8221;custom&#8221; border_width=&#8221;2&#8243;...\" \/>\n<meta property=\"og:url\" content=\"https:\/\/balconi.it\/fr\/alimentatori\/\" \/>\n<meta property=\"og:site_name\" content=\"Balconi Presseccentriche\" \/>\n<meta property=\"article:modified_time\" content=\"2019-07-23T12:37:23+00:00\" \/>\n<meta name=\"twitter:card\" content=\"summary_large_image\" \/>\n<meta name=\"twitter:label1\" content=\"Dur\u00e9e de lecture estim\u00e9e\" \/>\n\t<meta name=\"twitter:data1\" content=\"1 minute\" \/>\n<script type=\"application\/ld+json\" class=\"yoast-schema-graph\">{\"@context\":\"https:\/\/schema.org\",\"@graph\":[{\"@type\":\"WebPage\",\"@id\":\"https:\/\/balconi.it\/fr\/alimentatori\/\",\"url\":\"https:\/\/balconi.it\/fr\/alimentatori\/\",\"name\":\"Amenages - Balconi Presseccentriche\",\"isPartOf\":{\"@id\":\"https:\/\/balconi.it\/#website\"},\"datePublished\":\"2019-03-08T13:14:31+00:00\",\"dateModified\":\"2019-07-23T12:37:23+00:00\",\"breadcrumb\":{\"@id\":\"https:\/\/balconi.it\/fr\/alimentatori\/#breadcrumb\"},\"inLanguage\":\"fr-FR\",\"potentialAction\":[{\"@type\":\"ReadAction\",\"target\":[\"https:\/\/balconi.it\/fr\/alimentatori\/\"]}]},{\"@type\":\"BreadcrumbList\",\"@id\":\"https:\/\/balconi.it\/fr\/alimentatori\/#breadcrumb\",\"itemListElement\":[{\"@type\":\"ListItem\",\"position\":1,\"name\":\"Home\",\"item\":\"https:\/\/balconi.it\/fr\/\"},{\"@type\":\"ListItem\",\"position\":2,\"name\":\"Amenages\"}]},{\"@type\":\"WebSite\",\"@id\":\"https:\/\/balconi.it\/#website\",\"url\":\"https:\/\/balconi.it\/\",\"name\":\"Balconi Presseccentriche\",\"description\":\"\",\"publisher\":{\"@id\":\"https:\/\/balconi.it\/#organization\"},\"potentialAction\":[{\"@type\":\"SearchAction\",\"target\":{\"@type\":\"EntryPoint\",\"urlTemplate\":\"https:\/\/balconi.it\/?s={search_term_string}\"},\"query-input\":\"required name=search_term_string\"}],\"inLanguage\":\"fr-FR\"},{\"@type\":\"Organization\",\"@id\":\"https:\/\/balconi.it\/#organization\",\"name\":\"Balconi Presseccentriche S.p.A.\",\"url\":\"https:\/\/balconi.it\/\",\"logo\":{\"@type\":\"ImageObject\",\"inLanguage\":\"fr-FR\",\"@id\":\"https:\/\/balconi.it\/#\/schema\/logo\/image\/\",\"url\":\"http:\/\/balconi.it\/wp-content\/uploads\/2018\/10\/balconi.jpg\",\"contentUrl\":\"http:\/\/balconi.it\/wp-content\/uploads\/2018\/10\/balconi.jpg\",\"width\":1207,\"height\":1057,\"caption\":\"Balconi Presseccentriche S.p.A.\"},\"image\":{\"@id\":\"https:\/\/balconi.it\/#\/schema\/logo\/image\/\"}}]}<\/script>\n<!-- \/ Yoast SEO plugin. -->","yoast_head_json":{"title":"Amenages - Balconi Presseccentriche","robots":{"index":"index","follow":"follow","max-snippet":"max-snippet:-1","max-image-preview":"max-image-preview:large","max-video-preview":"max-video-preview:-1"},"canonical":"https:\/\/balconi.it\/fr\/alimentatori\/","og_locale":"fr_FR","og_type":"article","og_title":"Amenages - Balconi Presseccentriche","og_description":"[vc_row][vc_column][vc_column_text] AMENAGES [\/vc_column_text][vc_empty_space height=&#8221;20px&#8221;][vc_column_text]Balconi fabrique amenages \u00e9lectroniques pour largeurs de bandes de 200 \u00e0 2000 mm Les amenages sont enti\u00e8rement int\u00e9gr\u00e9s dans l\u2019automate de la presse pour permettre une r\u00e9duction des temps de changement de production.[\/vc_column_text][\/vc_column][\/vc_row][vc_row][vc_column][vc_single_image image=&#8221;25000&#8243; img_size=&#8221;medium&#8221;][\/vc_column][\/vc_row][vc_row][vc_column][vc_separator color=&#8221;custom&#8221; border_width=&#8221;2&#8243;...","og_url":"https:\/\/balconi.it\/fr\/alimentatori\/","og_site_name":"Balconi Presseccentriche","article_modified_time":"2019-07-23T12:37:23+00:00","twitter_card":"summary_large_image","twitter_misc":{"Dur\u00e9e de lecture estim\u00e9e":"1 minute"},"schema":{"@context":"https:\/\/schema.org","@graph":[{"@type":"WebPage","@id":"https:\/\/balconi.it\/fr\/alimentatori\/","url":"https:\/\/balconi.it\/fr\/alimentatori\/","name":"Amenages - Balconi Presseccentriche","isPartOf":{"@id":"https:\/\/balconi.it\/#website"},"datePublished":"2019-03-08T13:14:31+00:00","dateModified":"2019-07-23T12:37:23+00:00","breadcrumb":{"@id":"https:\/\/balconi.it\/fr\/alimentatori\/#breadcrumb"},"inLanguage":"fr-FR","potentialAction":[{"@type":"ReadAction","target":["https:\/\/balconi.it\/fr\/alimentatori\/"]}]},{"@type":"BreadcrumbList","@id":"https:\/\/balconi.it\/fr\/alimentatori\/#breadcrumb","itemListElement":[{"@type":"ListItem","position":1,"name":"Home","item":"https:\/\/balconi.it\/fr\/"},{"@type":"ListItem","position":2,"name":"Amenages"}]},{"@type":"WebSite","@id":"https:\/\/balconi.it\/#website","url":"https:\/\/balconi.it\/","name":"Balconi Presseccentriche","description":"","publisher":{"@id":"https:\/\/balconi.it\/#organization"},"potentialAction":[{"@type":"SearchAction","target":{"@type":"EntryPoint","urlTemplate":"https:\/\/balconi.it\/?s={search_term_string}"},"query-input":"required name=search_term_string"}],"inLanguage":"fr-FR"},{"@type":"Organization","@id":"https:\/\/balconi.it\/#organization","name":"Balconi Presseccentriche S.p.A.","url":"https:\/\/balconi.it\/","logo":{"@type":"ImageObject","inLanguage":"fr-FR","@id":"https:\/\/balconi.it\/#\/schema\/logo\/image\/","url":"http:\/\/balconi.it\/wp-content\/uploads\/2018\/10\/balconi.jpg","contentUrl":"http:\/\/balconi.it\/wp-content\/uploads\/2018\/10\/balconi.jpg","width":1207,"height":1057,"caption":"Balconi Presseccentriche S.p.A."},"image":{"@id":"https:\/\/balconi.it\/#\/schema\/logo\/image\/"}}]}},"_links":{"self":[{"href":"https:\/\/balconi.it\/fr\/wp-json\/wp\/v2\/pages\/25625"}],"collection":[{"href":"https:\/\/balconi.it\/fr\/wp-json\/wp\/v2\/pages"}],"about":[{"href":"https:\/\/balconi.it\/fr\/wp-json\/wp\/v2\/types\/page"}],"author":[{"embeddable":true,"href":"https:\/\/balconi.it\/fr\/wp-json\/wp\/v2\/users\/1"}],"replies":[{"embeddable":true,"href":"https:\/\/balconi.it\/fr\/wp-json\/wp\/v2\/comments?post=25625"}],"version-history":[{"count":4,"href":"https:\/\/balconi.it\/fr\/wp-json\/wp\/v2\/pages\/25625\/revisions"}],"predecessor-version":[{"id":25807,"href":"https:\/\/balconi.it\/fr\/wp-json\/wp\/v2\/pages\/25625\/revisions\/25807"}],"wp:attachment":[{"href":"https:\/\/balconi.it\/fr\/wp-json\/wp\/v2\/media?parent=25625"}],"curies":[{"name":"wp","href":"https:\/\/api.w.org\/{rel}","templated":true}]}}