{"id":25622,"date":"2018-09-28T15:35:19","date_gmt":"2018-09-28T13:35:19","guid":{"rendered":"https:\/\/www.balconi.it\/alette-radiatori\/"},"modified":"2021-08-02T16:40:49","modified_gmt":"2021-08-02T14:40:49","slug":"alette-radiatori","status":"publish","type":"page","link":"https:\/\/balconi.it\/fr\/alette-radiatori\/","title":{"rendered":"Presses sp\u00e9ciales pour Ailetters Radiateurs"},"content":{"rendered":"<div class=\"wpb-content-wrapper\"><p>[vc_row][vc_column width=&#8221;1\/2&#8243;][vc_column_text]La production d\u2019ailettes en aluminium ou en cuivre pour radiateurs n\u00e9cessite des machines de pr\u00e9cision et fiabilit\u00e9 tr\u00e8s \u00e9lev\u00e9es, des hautes cadences et des mati\u00e8res (aluminium ou cuivre) d\u2019\u00e9paisseurs tr\u00e8s fines (\u22640,2 mm) pour assurer la pr\u00e9cision constante requise par ce type de produit.<br \/>\nLa haute pr\u00e9cision des ailettes est une condition essentielle pour pouvoir cr\u00e9er, dans la phase suivante de la production des \u00e9changeurs de chaleur, des paquets d\u2019ailettes ais\u00e9ment empilables qui permettent l\u2019introduction facile et rapide des tuyaux en cuivre.[\/vc_column_text][\/vc_column][vc_column width=&#8221;1\/2&#8243;][vc_single_image image=&#8221;24757&#8243; img_size=&#8221;medium&#8221;][\/vc_column][\/vc_row][vc_row][vc_column][vc_column_text]Pour obtenir ce r\u00e9sultat, Balconi a r\u00e9alis\u00e9 des machines sp\u00e9cifiques, \u00e9tudi\u00e9es pour une production \u00e0 des cadences \u00e9lev\u00e9es.<br \/>\nIl s\u2019agit de presses \u00e0 4 bielles, 4 colonnes et 4 plongeurs pour le guidage de pr\u00e9cision du coulisseau, deux arbres excentriques \u00e9quilibr\u00e9s dynamiquement.<br \/>\nLe mouvement des quatre bielles est transmis au coulisseau par 4 plongeurs qui sont \u00e9tudi\u00e9s pour \u00e9liminer les forces lat\u00e9rales des bielles.<br \/>\nLe coulisseau est aussi guid\u00e9 par 4 colonnes de pr\u00e9cision \u00e0 lubrification forc\u00e9e. Ce double syst\u00e8me de guidage \u00e0 8 points assure une pr\u00e9cision constante et meilleure de l\u2019ailette, un nombre de pi\u00e8ces produites plus \u00e9lev\u00e9 produites avant de raffuter l\u2019outil et par cons\u00e9quent une r\u00e9duction des co\u00fbts de production.<br \/>\nLa presse est \u00e9quip\u00e9e d\u2019un dispositif d\u2019ouverture rapide de 25 \u00e0 100 mm (en fonction du r\u00e9glage coulisseau utilis\u00e9) pour permettre d\u2019acc\u00e9der ais\u00e9ment dans la zone de l\u2019outil.[\/vc_column_text][\/vc_column][\/vc_row][vc_row][vc_column][vc_column_text]Les presses de cette gamme sont disponibles dans la force de 600 kN \u00e0 1000 kN.[\/vc_column_text][vc_single_image image=&#8221;25025&#8243; img_size=&#8221;full&#8221; alignment=&#8221;center&#8221;][\/vc_column][\/vc_row][vc_row][vc_column]<div class=\"gem-vimeo gem-wrapbox gem-wrapbox-style-no-style rounded-corners gem-wrapbox-position-below\" style=\"width: 100%;\"><div class=\"gem-wrapbox-inner gem-ratio-style\" style=\"padding-top: 56.25%\"><iframe webkitallowfullscreen=\"true\" mozallowfullscreen=\"true\" allowfullscreen=\"true\" class=\"gem-wrapbox-element img-responsive\" frameborder=\"0\" scrolling=\"no\" marginheight=\"0\" marginwidth=\"0\" src=\"\/\/player.vimeo.com\/video\/582128672?title=0&amp;byline=0&amp;portrait=0 \"><\/iframe><\/div><\/div>[\/vc_column][\/vc_row]<\/p>\n<\/div>","protected":false},"excerpt":{"rendered":"<p>[vc_row][vc_column width=&#8221;1\/2&#8243;][vc_column_text]La production d\u2019ailettes en aluminium ou en cuivre pour radiateurs n\u00e9cessite des machines de pr\u00e9cision et fiabilit\u00e9 tr\u00e8s \u00e9lev\u00e9es, des hautes cadences et des mati\u00e8res (aluminium ou cuivre) d\u2019\u00e9paisseurs tr\u00e8s fines (\u22640,2 mm) pour assurer la pr\u00e9cision constante requise&#8230;<\/p>\n","protected":false},"author":1,"featured_media":0,"parent":0,"menu_order":0,"comment_status":"closed","ping_status":"closed","template":"","meta":{"footnotes":""},"yoast_head":"<!-- This site is optimized with the Yoast SEO plugin v22.4 - https:\/\/yoast.com\/wordpress\/plugins\/seo\/ -->\n<title>Presses sp\u00e9ciales pour Ailetters Radiateurs - Balconi Presseccentriche<\/title>\n<meta name=\"robots\" content=\"index, follow, max-snippet:-1, max-image-preview:large, max-video-preview:-1\" \/>\n<link rel=\"canonical\" href=\"https:\/\/balconi.it\/fr\/alette-radiatori\/\" \/>\n<meta property=\"og:locale\" content=\"fr_FR\" \/>\n<meta property=\"og:type\" content=\"article\" \/>\n<meta property=\"og:title\" content=\"Presses sp\u00e9ciales pour Ailetters Radiateurs - Balconi Presseccentriche\" \/>\n<meta property=\"og:description\" content=\"[vc_row][vc_column width=&#8221;1\/2&#8243;][vc_column_text]La production d\u2019ailettes en aluminium ou en cuivre pour radiateurs n\u00e9cessite des machines de pr\u00e9cision et fiabilit\u00e9 tr\u00e8s \u00e9lev\u00e9es, des hautes cadences et des mati\u00e8res (aluminium ou cuivre) d\u2019\u00e9paisseurs tr\u00e8s fines (\u22640,2 mm) pour assurer la pr\u00e9cision constante requise...\" \/>\n<meta property=\"og:url\" content=\"https:\/\/balconi.it\/fr\/alette-radiatori\/\" \/>\n<meta property=\"og:site_name\" content=\"Balconi Presseccentriche\" \/>\n<meta property=\"article:modified_time\" content=\"2021-08-02T14:40:49+00:00\" \/>\n<meta name=\"twitter:card\" content=\"summary_large_image\" \/>\n<meta name=\"twitter:label1\" content=\"Dur\u00e9e de lecture estim\u00e9e\" \/>\n\t<meta name=\"twitter:data1\" content=\"2 minutes\" \/>\n<script type=\"application\/ld+json\" class=\"yoast-schema-graph\">{\"@context\":\"https:\/\/schema.org\",\"@graph\":[{\"@type\":\"WebPage\",\"@id\":\"https:\/\/balconi.it\/fr\/alette-radiatori\/\",\"url\":\"https:\/\/balconi.it\/fr\/alette-radiatori\/\",\"name\":\"Presses sp\u00e9ciales pour Ailetters Radiateurs - Balconi Presseccentriche\",\"isPartOf\":{\"@id\":\"https:\/\/balconi.it\/#website\"},\"datePublished\":\"2018-09-28T13:35:19+00:00\",\"dateModified\":\"2021-08-02T14:40:49+00:00\",\"breadcrumb\":{\"@id\":\"https:\/\/balconi.it\/fr\/alette-radiatori\/#breadcrumb\"},\"inLanguage\":\"fr-FR\",\"potentialAction\":[{\"@type\":\"ReadAction\",\"target\":[\"https:\/\/balconi.it\/fr\/alette-radiatori\/\"]}]},{\"@type\":\"BreadcrumbList\",\"@id\":\"https:\/\/balconi.it\/fr\/alette-radiatori\/#breadcrumb\",\"itemListElement\":[{\"@type\":\"ListItem\",\"position\":1,\"name\":\"Home\",\"item\":\"https:\/\/balconi.it\/fr\/\"},{\"@type\":\"ListItem\",\"position\":2,\"name\":\"Presses sp\u00e9ciales pour Ailetters Radiateurs\"}]},{\"@type\":\"WebSite\",\"@id\":\"https:\/\/balconi.it\/#website\",\"url\":\"https:\/\/balconi.it\/\",\"name\":\"Balconi Presseccentriche\",\"description\":\"\",\"publisher\":{\"@id\":\"https:\/\/balconi.it\/#organization\"},\"potentialAction\":[{\"@type\":\"SearchAction\",\"target\":{\"@type\":\"EntryPoint\",\"urlTemplate\":\"https:\/\/balconi.it\/?s={search_term_string}\"},\"query-input\":\"required name=search_term_string\"}],\"inLanguage\":\"fr-FR\"},{\"@type\":\"Organization\",\"@id\":\"https:\/\/balconi.it\/#organization\",\"name\":\"Balconi Presseccentriche S.p.A.\",\"url\":\"https:\/\/balconi.it\/\",\"logo\":{\"@type\":\"ImageObject\",\"inLanguage\":\"fr-FR\",\"@id\":\"https:\/\/balconi.it\/#\/schema\/logo\/image\/\",\"url\":\"http:\/\/balconi.it\/wp-content\/uploads\/2018\/10\/balconi.jpg\",\"contentUrl\":\"http:\/\/balconi.it\/wp-content\/uploads\/2018\/10\/balconi.jpg\",\"width\":1207,\"height\":1057,\"caption\":\"Balconi Presseccentriche S.p.A.\"},\"image\":{\"@id\":\"https:\/\/balconi.it\/#\/schema\/logo\/image\/\"}}]}<\/script>\n<!-- \/ Yoast SEO plugin. -->","yoast_head_json":{"title":"Presses sp\u00e9ciales pour Ailetters Radiateurs - Balconi Presseccentriche","robots":{"index":"index","follow":"follow","max-snippet":"max-snippet:-1","max-image-preview":"max-image-preview:large","max-video-preview":"max-video-preview:-1"},"canonical":"https:\/\/balconi.it\/fr\/alette-radiatori\/","og_locale":"fr_FR","og_type":"article","og_title":"Presses sp\u00e9ciales pour Ailetters Radiateurs - Balconi Presseccentriche","og_description":"[vc_row][vc_column width=&#8221;1\/2&#8243;][vc_column_text]La production d\u2019ailettes en aluminium ou en cuivre pour radiateurs n\u00e9cessite des machines de pr\u00e9cision et fiabilit\u00e9 tr\u00e8s \u00e9lev\u00e9es, des hautes cadences et des mati\u00e8res (aluminium ou cuivre) d\u2019\u00e9paisseurs tr\u00e8s fines (\u22640,2 mm) pour assurer la pr\u00e9cision constante requise...","og_url":"https:\/\/balconi.it\/fr\/alette-radiatori\/","og_site_name":"Balconi Presseccentriche","article_modified_time":"2021-08-02T14:40:49+00:00","twitter_card":"summary_large_image","twitter_misc":{"Dur\u00e9e de lecture estim\u00e9e":"2 minutes"},"schema":{"@context":"https:\/\/schema.org","@graph":[{"@type":"WebPage","@id":"https:\/\/balconi.it\/fr\/alette-radiatori\/","url":"https:\/\/balconi.it\/fr\/alette-radiatori\/","name":"Presses sp\u00e9ciales pour Ailetters Radiateurs - Balconi Presseccentriche","isPartOf":{"@id":"https:\/\/balconi.it\/#website"},"datePublished":"2018-09-28T13:35:19+00:00","dateModified":"2021-08-02T14:40:49+00:00","breadcrumb":{"@id":"https:\/\/balconi.it\/fr\/alette-radiatori\/#breadcrumb"},"inLanguage":"fr-FR","potentialAction":[{"@type":"ReadAction","target":["https:\/\/balconi.it\/fr\/alette-radiatori\/"]}]},{"@type":"BreadcrumbList","@id":"https:\/\/balconi.it\/fr\/alette-radiatori\/#breadcrumb","itemListElement":[{"@type":"ListItem","position":1,"name":"Home","item":"https:\/\/balconi.it\/fr\/"},{"@type":"ListItem","position":2,"name":"Presses sp\u00e9ciales pour Ailetters Radiateurs"}]},{"@type":"WebSite","@id":"https:\/\/balconi.it\/#website","url":"https:\/\/balconi.it\/","name":"Balconi Presseccentriche","description":"","publisher":{"@id":"https:\/\/balconi.it\/#organization"},"potentialAction":[{"@type":"SearchAction","target":{"@type":"EntryPoint","urlTemplate":"https:\/\/balconi.it\/?s={search_term_string}"},"query-input":"required name=search_term_string"}],"inLanguage":"fr-FR"},{"@type":"Organization","@id":"https:\/\/balconi.it\/#organization","name":"Balconi Presseccentriche S.p.A.","url":"https:\/\/balconi.it\/","logo":{"@type":"ImageObject","inLanguage":"fr-FR","@id":"https:\/\/balconi.it\/#\/schema\/logo\/image\/","url":"http:\/\/balconi.it\/wp-content\/uploads\/2018\/10\/balconi.jpg","contentUrl":"http:\/\/balconi.it\/wp-content\/uploads\/2018\/10\/balconi.jpg","width":1207,"height":1057,"caption":"Balconi Presseccentriche S.p.A."},"image":{"@id":"https:\/\/balconi.it\/#\/schema\/logo\/image\/"}}]}},"_links":{"self":[{"href":"https:\/\/balconi.it\/fr\/wp-json\/wp\/v2\/pages\/25622"}],"collection":[{"href":"https:\/\/balconi.it\/fr\/wp-json\/wp\/v2\/pages"}],"about":[{"href":"https:\/\/balconi.it\/fr\/wp-json\/wp\/v2\/types\/page"}],"author":[{"embeddable":true,"href":"https:\/\/balconi.it\/fr\/wp-json\/wp\/v2\/users\/1"}],"replies":[{"embeddable":true,"href":"https:\/\/balconi.it\/fr\/wp-json\/wp\/v2\/comments?post=25622"}],"version-history":[{"count":4,"href":"https:\/\/balconi.it\/fr\/wp-json\/wp\/v2\/pages\/25622\/revisions"}],"predecessor-version":[{"id":26587,"href":"https:\/\/balconi.it\/fr\/wp-json\/wp\/v2\/pages\/25622\/revisions\/26587"}],"wp:attachment":[{"href":"https:\/\/balconi.it\/fr\/wp-json\/wp\/v2\/media?parent=25622"}],"curies":[{"name":"wp","href":"https:\/\/api.w.org\/{rel}","templated":true}]}}