{"id":25619,"date":"2018-09-28T15:34:55","date_gmt":"2018-09-28T13:34:55","guid":{"rendered":"https:\/\/www.balconi.it\/estrusione\/"},"modified":"2025-05-15T10:24:12","modified_gmt":"2025-05-15T08:24:12","slug":"estrusione","status":"publish","type":"page","link":"https:\/\/balconi.it\/fr\/estrusione\/","title":{"rendered":"Presses a filer"},"content":{"rendered":"<div class=\"wpb-content-wrapper\"><p>[vc_row][vc_column][vc_column_text]Les presses \u00e0 filer sont des machines sp\u00e9cifiques \u00e9tudi\u00e9es pour la production des boitiers a\u00e9rosol, tubes et produites similaires en partant d\u2019un pion en aluminium qui, \u00e0 travers d\u2019un proc\u00e9d\u00e9 d\u2019extrusion, (la mati\u00e8re sous la force d\u2019impact engendr\u00e9e par la machine remonte sur le poin\u00e7on, pour obtenir la forme classique cylindrique, dont le diam\u00e8tre, la longueur, l\u2019\u00e9paisseur des parois et du fond sont variables selon la force appliqu\u00e9e et l\u2019\u00e9paisseur des pions utilis\u00e9s).<\/p>\n<p>La bo\u00eete ou le tube sont donc produits en un seul coup de presse, \u00e0 des vitesses qui peuvent atteindre 330 coups par minute, selon les dimensions de la machine et les dimensions de la pi\u00e8ce \u00e0 produire.[\/vc_column_text][\/vc_column][\/vc_row][vc_row][vc_column width=&#8221;1\/2&#8243;][vc_column_text]Ces machines sont la t\u00eate des lignes de fabrication int\u00e9gr\u00e9es, enti\u00e8rement automatiques, qui fonctionnent 24 heures par jour, 7 jours sur 7 et qui doivent avoir une grande pr\u00e9cision de fabrication et la plus grande fiabilit\u00e9, soit pour la difficult\u00e9 intrins\u00e8que de la technologie d\u2019extrusion, que pour leur exploitation intensive.<\/p>\n<p>Balconi est pr\u00e9sente dans le march\u00e9 des presses \u00e0 filer depuis plusieurs ann\u00e9es avec un parc de machines install\u00e9es dans le monde entier, et qui font l\u2019objet d\u2019une innovation technologique et am\u00e9lioration continue.[\/vc_column_text][vc_single_image image=&#8221;27270&#8243; img_size=&#8221;full&#8221;][\/vc_column][vc_column width=&#8221;1\/2&#8243;][vc_single_image image=&#8221;25721&#8243; img_size=&#8221;full&#8221;][vc_single_image image=&#8221;26919&#8243; img_size=&#8221;full&#8221;][\/vc_column][\/vc_row][vc_row][vc_column][vc_column_text]Les presses pour extrusion Balconi de nouvelle g\u00e9n\u00e9ration:<\/p>\n<ul>\n<li>La cin\u00e9matique de la presse \u00e0 bielles \u00e0 genouill\u00e8re modifi\u00e9e, assure une r\u00e9duction de 30% de la vitesse d\u2019impact du poin\u00e7on par rapport \u00e0 une cin\u00e9matique \u00e0 genouill\u00e8re conventionnelle et permet donc un meilleur proc\u00e9d\u00e9 de formage<\/li>\n<\/ul>\n<p>[\/vc_column_text][\/vc_column][\/vc_row][vc_row][vc_column width=&#8221;1\/2&#8243;][vc_single_image image=&#8221;25620&#8243; img_size=&#8221;medium&#8221; alignment=&#8221;center&#8221;][\/vc_column][vc_column width=&#8221;1\/2&#8243;][vc_single_image image=&#8221;26154&#8243; img_size=&#8221;medium&#8221; alignment=&#8221;center&#8221;][\/vc_column][\/vc_row][vc_row][vc_column][vc_column_text]<\/p>\n<ul>\n<li>L\u2019arbre excentrique est enti\u00e8rement \u00e9quilibr\u00e9, pour r\u00e9duire les vibrations<\/li>\n<li>Le groupe volant est mont\u00e9 sur un support ind\u00e9pendant fix\u00e9 \u00e0 la structure de la presse pour une stabilit\u00e9 de fonctionnement meilleure et il est graiss\u00e9 en automatique.<\/li>\n<li>La fixation du groupe frein-embrayage est effectu\u00e9e sans clavettes, pour \u00e9liminer la formation de jeux dans le temps dus \u00e0 l\u2019usure et garantir une majeure fiabilit\u00e9 dans le temps<\/li>\n<li>Le d\u00e9chargement des bo\u00eetes\/tubes est effectu\u00e9 par le nouveau syst\u00e8me \u00e0 tambour rotatif command\u00e9 par un servomoteur.<\/li>\n<li>La machine est \u00e9quip\u00e9e d\u2019un syst\u00e8me de contr\u00f4le d\u2019effort d\u2019extrusion pour surveiller des variations \u00e9ventuelles de la force d\u2019extrusion, dues par exemple \u00e0 la force du poin\u00e7on ou de la matrice.<\/li>\n<\/ul>\n<p>[\/vc_column_text][\/vc_column][\/vc_row][vc_row][vc_column][vc_column_text]Les presses Balconi pour extrusion de nouvelle g\u00e9n\u00e9ration sont disponibles de 1000 kN jusqu\u2019\u00e0 20.000 kN et, sur demande m\u00eame au-del\u00e0 de cette force, pour la production de tubes\/bo\u00eetes ayant un diam\u00e8tre de 10 jusqu\u2019\u00e0 220 mm[\/vc_column_text][vc_gallery type=&#8221;image_grid&#8221; images=&#8221;27302,27299,26916,26113,26116,27291,27290&#8243;][\/vc_column][\/vc_row][vc_row][vc_column][vc_raw_html css=&#8221;.vc_custom_1596189604837{padding-top: 40px !important;padding-bottom: 20px !important;}&#8221;]JTNDc3R5bGUlM0UuZW1iZWQtY29udGFpbmVyJTIwJTdCJTIwcG9zaXRpb24lM0ElMjByZWxhdGl2ZSUzQiUyMHBhZGRpbmctYm90dG9tJTNBNTYuMjUlMjUlM0IlMjBoZWlnaHQlM0EwJTNCJTIwb3ZlcmZsb3clM0ElMjBoaWRkZW4lM0IlMjBtYXgtd2lkdGglM0ElMjAxMDAlMjUlM0IlMjAlN0QlMjAuZW1iZWQtY29udGFpbmVyJTIwaWZyYW1lJTJDJTIwLmVtYmVkLWNvbnRhaW5lciUyMG9iamVjdCUyQyUyMC5lbWJlZC1jb250YWluZXIlMjBlbWJlZCUyMCU3QiUyMHBvc2l0aW9uJTNBJTIwYWJzb2x1dGUlM0IlMjB0b3AlM0ElMjAwJTNCJTIwbGVmdCUzQSUyMDAlM0IlMjB3aWR0aCUzQSUyMDEwMCUyNSUzQiUyMGhlaWdodCUzQSUyMDEwMCUyNSUzQiU3RCUzQyUyRnN0eWxlJTNFJTNDZGl2JTIwY2xhc3MlM0QlMjdlbWJlZC1jb250YWluZXIlMjclMjBkYXRhLXBhZ2Utd2lkdGglM0QlMjc0NTMlMjclMjBkYXRhLXBhZ2UtaGVpZ2h0JTNEJTI3NjQwJTI3JTIwaWQlM0QlMjd5cGVtYmVkY29udGFpbmVyJTI3JTIwJTNFJTNDaWZyYW1lJTIwJTIwJTIwc3JjJTNEJTIyaHR0cHMlM0ElMkYlMkZ3d3cueXVtcHUuY29tJTJGZW4lMkZlbWJlZCUyRnZpZXclMkZtQjlOMGs3NlNLdmdoT2k1JTIyJTIwZnJhbWVib3JkZXIlM0QlMjIwJTIyJTIwYWxsb3dmdWxsc2NyZWVuJTNEJTIydHJ1ZSUyMiUyMCUyMGFsbG93dHJhbnNwYXJlbmN5JTNEJTIydHJ1ZSUyMiUzRSUzQyUyRmlmcmFtZSUzRSUzQyUyRmRpdiUzRSUzQ3NjcmlwdCUyMHNyYyUzRCUyN2h0dHBzJTNBJTJGJTJGcGxheWVycy55dW1wdS5jb20lMkZtb2R1bGVzJTJGZW1iZWQlMkZ5cF9yX2lmcmFtZS5qcyUyNyUyMCUzRSUzQyUyRnNjcmlwdCUzRQ==[\/vc_raw_html][vc_btn title=&#8221;PRESSES \u00c0 FILER&#8221; style=&#8221;custom&#8221; custom_background=&#8221;#1da773&#8243; custom_text=&#8221;#ffffff&#8221; align=&#8221;center&#8221; link=&#8221;url:https%3A%2F%2Fwww.balconi.it%2Fwp-content%2Fuploads%2F2020%2F07%2FKE_2020_V2-3.pdf||target:%20_blank|&#8221;][\/vc_column][\/vc_row]<\/p>\n<\/div>","protected":false},"excerpt":{"rendered":"<p>[vc_row][vc_column][vc_column_text]Les presses \u00e0 filer sont des machines sp\u00e9cifiques \u00e9tudi\u00e9es pour la production des boitiers a\u00e9rosol, tubes et produites similaires en partant d\u2019un pion en aluminium qui, \u00e0 travers d\u2019un proc\u00e9d\u00e9 d\u2019extrusion, (la mati\u00e8re sous la force d\u2019impact engendr\u00e9e par la&#8230;<\/p>\n","protected":false},"author":1,"featured_media":0,"parent":0,"menu_order":0,"comment_status":"closed","ping_status":"closed","template":"","meta":{"footnotes":""},"yoast_head":"<!-- This site is optimized with the Yoast SEO plugin v22.4 - https:\/\/yoast.com\/wordpress\/plugins\/seo\/ -->\n<title>Presses a filer - Balconi Presseccentriche<\/title>\n<meta name=\"robots\" content=\"index, follow, max-snippet:-1, max-image-preview:large, max-video-preview:-1\" \/>\n<link rel=\"canonical\" href=\"https:\/\/balconi.it\/fr\/estrusione\/\" \/>\n<meta property=\"og:locale\" content=\"fr_FR\" \/>\n<meta property=\"og:type\" content=\"article\" \/>\n<meta property=\"og:title\" content=\"Presses a filer - Balconi Presseccentriche\" \/>\n<meta property=\"og:description\" content=\"[vc_row][vc_column][vc_column_text]Les presses \u00e0 filer sont des machines sp\u00e9cifiques \u00e9tudi\u00e9es pour la production des boitiers a\u00e9rosol, tubes et produites similaires en partant d\u2019un pion en aluminium qui, \u00e0 travers d\u2019un proc\u00e9d\u00e9 d\u2019extrusion, (la mati\u00e8re sous la force d\u2019impact engendr\u00e9e par la...\" \/>\n<meta property=\"og:url\" content=\"https:\/\/balconi.it\/fr\/estrusione\/\" \/>\n<meta property=\"og:site_name\" content=\"Balconi Presseccentriche\" \/>\n<meta property=\"article:modified_time\" content=\"2025-05-15T08:24:12+00:00\" \/>\n<meta name=\"twitter:card\" content=\"summary_large_image\" \/>\n<meta name=\"twitter:label1\" content=\"Dur\u00e9e de lecture estim\u00e9e\" \/>\n\t<meta name=\"twitter:data1\" content=\"3 minutes\" \/>\n<script type=\"application\/ld+json\" class=\"yoast-schema-graph\">{\"@context\":\"https:\/\/schema.org\",\"@graph\":[{\"@type\":\"WebPage\",\"@id\":\"https:\/\/balconi.it\/fr\/estrusione\/\",\"url\":\"https:\/\/balconi.it\/fr\/estrusione\/\",\"name\":\"Presses a filer - Balconi Presseccentriche\",\"isPartOf\":{\"@id\":\"https:\/\/balconi.it\/#website\"},\"datePublished\":\"2018-09-28T13:34:55+00:00\",\"dateModified\":\"2025-05-15T08:24:12+00:00\",\"breadcrumb\":{\"@id\":\"https:\/\/balconi.it\/fr\/estrusione\/#breadcrumb\"},\"inLanguage\":\"fr-FR\",\"potentialAction\":[{\"@type\":\"ReadAction\",\"target\":[\"https:\/\/balconi.it\/fr\/estrusione\/\"]}]},{\"@type\":\"BreadcrumbList\",\"@id\":\"https:\/\/balconi.it\/fr\/estrusione\/#breadcrumb\",\"itemListElement\":[{\"@type\":\"ListItem\",\"position\":1,\"name\":\"Home\",\"item\":\"https:\/\/balconi.it\/fr\/\"},{\"@type\":\"ListItem\",\"position\":2,\"name\":\"Presses a filer\"}]},{\"@type\":\"WebSite\",\"@id\":\"https:\/\/balconi.it\/#website\",\"url\":\"https:\/\/balconi.it\/\",\"name\":\"Balconi Presseccentriche\",\"description\":\"\",\"publisher\":{\"@id\":\"https:\/\/balconi.it\/#organization\"},\"potentialAction\":[{\"@type\":\"SearchAction\",\"target\":{\"@type\":\"EntryPoint\",\"urlTemplate\":\"https:\/\/balconi.it\/?s={search_term_string}\"},\"query-input\":\"required name=search_term_string\"}],\"inLanguage\":\"fr-FR\"},{\"@type\":\"Organization\",\"@id\":\"https:\/\/balconi.it\/#organization\",\"name\":\"Balconi Presseccentriche S.p.A.\",\"url\":\"https:\/\/balconi.it\/\",\"logo\":{\"@type\":\"ImageObject\",\"inLanguage\":\"fr-FR\",\"@id\":\"https:\/\/balconi.it\/#\/schema\/logo\/image\/\",\"url\":\"http:\/\/balconi.it\/wp-content\/uploads\/2018\/10\/balconi.jpg\",\"contentUrl\":\"http:\/\/balconi.it\/wp-content\/uploads\/2018\/10\/balconi.jpg\",\"width\":1207,\"height\":1057,\"caption\":\"Balconi Presseccentriche S.p.A.\"},\"image\":{\"@id\":\"https:\/\/balconi.it\/#\/schema\/logo\/image\/\"}}]}<\/script>\n<!-- \/ Yoast SEO plugin. -->","yoast_head_json":{"title":"Presses a filer - Balconi Presseccentriche","robots":{"index":"index","follow":"follow","max-snippet":"max-snippet:-1","max-image-preview":"max-image-preview:large","max-video-preview":"max-video-preview:-1"},"canonical":"https:\/\/balconi.it\/fr\/estrusione\/","og_locale":"fr_FR","og_type":"article","og_title":"Presses a filer - Balconi Presseccentriche","og_description":"[vc_row][vc_column][vc_column_text]Les presses \u00e0 filer sont des machines sp\u00e9cifiques \u00e9tudi\u00e9es pour la production des boitiers a\u00e9rosol, tubes et produites similaires en partant d\u2019un pion en aluminium qui, \u00e0 travers d\u2019un proc\u00e9d\u00e9 d\u2019extrusion, (la mati\u00e8re sous la force d\u2019impact engendr\u00e9e par la...","og_url":"https:\/\/balconi.it\/fr\/estrusione\/","og_site_name":"Balconi Presseccentriche","article_modified_time":"2025-05-15T08:24:12+00:00","twitter_card":"summary_large_image","twitter_misc":{"Dur\u00e9e de lecture estim\u00e9e":"3 minutes"},"schema":{"@context":"https:\/\/schema.org","@graph":[{"@type":"WebPage","@id":"https:\/\/balconi.it\/fr\/estrusione\/","url":"https:\/\/balconi.it\/fr\/estrusione\/","name":"Presses a filer - Balconi Presseccentriche","isPartOf":{"@id":"https:\/\/balconi.it\/#website"},"datePublished":"2018-09-28T13:34:55+00:00","dateModified":"2025-05-15T08:24:12+00:00","breadcrumb":{"@id":"https:\/\/balconi.it\/fr\/estrusione\/#breadcrumb"},"inLanguage":"fr-FR","potentialAction":[{"@type":"ReadAction","target":["https:\/\/balconi.it\/fr\/estrusione\/"]}]},{"@type":"BreadcrumbList","@id":"https:\/\/balconi.it\/fr\/estrusione\/#breadcrumb","itemListElement":[{"@type":"ListItem","position":1,"name":"Home","item":"https:\/\/balconi.it\/fr\/"},{"@type":"ListItem","position":2,"name":"Presses a filer"}]},{"@type":"WebSite","@id":"https:\/\/balconi.it\/#website","url":"https:\/\/balconi.it\/","name":"Balconi Presseccentriche","description":"","publisher":{"@id":"https:\/\/balconi.it\/#organization"},"potentialAction":[{"@type":"SearchAction","target":{"@type":"EntryPoint","urlTemplate":"https:\/\/balconi.it\/?s={search_term_string}"},"query-input":"required name=search_term_string"}],"inLanguage":"fr-FR"},{"@type":"Organization","@id":"https:\/\/balconi.it\/#organization","name":"Balconi Presseccentriche S.p.A.","url":"https:\/\/balconi.it\/","logo":{"@type":"ImageObject","inLanguage":"fr-FR","@id":"https:\/\/balconi.it\/#\/schema\/logo\/image\/","url":"http:\/\/balconi.it\/wp-content\/uploads\/2018\/10\/balconi.jpg","contentUrl":"http:\/\/balconi.it\/wp-content\/uploads\/2018\/10\/balconi.jpg","width":1207,"height":1057,"caption":"Balconi Presseccentriche S.p.A."},"image":{"@id":"https:\/\/balconi.it\/#\/schema\/logo\/image\/"}}]}},"_links":{"self":[{"href":"https:\/\/balconi.it\/fr\/wp-json\/wp\/v2\/pages\/25619"}],"collection":[{"href":"https:\/\/balconi.it\/fr\/wp-json\/wp\/v2\/pages"}],"about":[{"href":"https:\/\/balconi.it\/fr\/wp-json\/wp\/v2\/types\/page"}],"author":[{"embeddable":true,"href":"https:\/\/balconi.it\/fr\/wp-json\/wp\/v2\/users\/1"}],"replies":[{"embeddable":true,"href":"https:\/\/balconi.it\/fr\/wp-json\/wp\/v2\/comments?post=25619"}],"version-history":[{"count":21,"href":"https:\/\/balconi.it\/fr\/wp-json\/wp\/v2\/pages\/25619\/revisions"}],"predecessor-version":[{"id":27422,"href":"https:\/\/balconi.it\/fr\/wp-json\/wp\/v2\/pages\/25619\/revisions\/27422"}],"wp:attachment":[{"href":"https:\/\/balconi.it\/fr\/wp-json\/wp\/v2\/media?parent=25619"}],"curies":[{"name":"wp","href":"https:\/\/api.w.org\/{rel}","templated":true}]}}