{"id":25613,"date":"2018-09-28T15:34:07","date_gmt":"2018-09-28T13:34:07","guid":{"rendered":"https:\/\/www.balconi.it\/blanking\/"},"modified":"2025-05-15T09:25:06","modified_gmt":"2025-05-15T07:25:06","slug":"blanking","status":"publish","type":"page","link":"https:\/\/balconi.it\/fr\/blanking\/","title":{"rendered":"Presses de decoupe rapide"},"content":{"rendered":"<div class=\"wpb-content-wrapper\"><p>[vc_row][vc_column][vc_column_text]Les presses de d\u00e9coupe sont des machines destin\u00e9es \u00e0 produire \u00e0 des cadences \u00e9lev\u00e9es, des pi\u00e8ces g\u00e9n\u00e9ralement plates ou ayant des petits pliages, de faibles ou moyennes \u00e9paisseurs.<\/p>\n<p>Balconi a \u00e9t\u00e9 le premier fabricant italien de ce type de machine, il a acquis une grande exp\u00e9rience et d\u00e9velopp\u00e9 des solutions innovatrices et des technologies d\u2019avant-garde.[\/vc_column_text][\/vc_column][\/vc_row][vc_row][vc_column width=&#8221;1\/2&#8243;][vc_column_text]Il est encore aujourd\u2019hui un des peu fabricants de presses europ\u00e9ens en mesure de proposer et r\u00e9aliser des solutions \u00e0 niveau technique, \u00e9conomique et de qualit\u00e9, efficaces dans le d\u00e9coupage \u00e0 haute vitesse.<\/p>\n<p>Avec ce type de production, notamment lorsque l\u2019on utilise des aciers a HLE ou THLE, au moment de l\u2019op\u00e9ration de d\u00e9coupage un effet normalement connu comme \u00ab breakthrough \u00bb est engendr\u00e9 par le rel\u00e2che instantan\u00e9 de l\u2019\u00e9nergie \u00e9lastique accumul\u00e9e par la structure de la presse.<\/p>\n<p>Dans cette situation les diff\u00e9rents organes de la presse comme la structure, le vilebrequin, les bielles, sont soumis \u00e0 une grosse charge qui cause une augmentation des vibrations, des usures \u00e0 l\u2019outil, des dommages \u00e0 la machine, si la presse n\u2019a pas \u00e9t\u00e9 correctement \u00e9tudi\u00e9es, dimensionn\u00e9e, soud\u00e9e et fabriqu\u00e9e.[\/vc_column_text][\/vc_column][vc_column width=&#8221;1\/2&#8243;][vc_single_image image=&#8221;25133&#8243; img_size=&#8221;full&#8221; alignment=&#8221;center&#8221;][\/vc_column][\/vc_row][vc_row content_placement=&#8221;middle&#8221;][vc_column width=&#8221;1\/2&#8243;][vc_single_image image=&#8221;26184&#8243; img_size=&#8221;full&#8221; alignment=&#8221;center&#8221;][\/vc_column][vc_column width=&#8221;1\/2&#8243;][vc_single_image image=&#8221;26581&#8243; img_size=&#8221;full&#8221; alignment=&#8221;center&#8221;][\/vc_column][\/vc_row][vc_row][vc_column width=&#8221;1\/2&#8243;][vc_single_image image=&#8221;26865&#8243; img_size=&#8221;full&#8221; alignment=&#8221;center&#8221; css=&#8221;.vc_custom_1706714727621{padding-top: 20px !important;padding-right: 25px !important;padding-bottom: 20px !important;padding-left: 25px !important;}&#8221;][\/vc_column][vc_column width=&#8221;1\/2&#8243;][vc_single_image image=&#8221;26934&#8243; img_size=&#8221;full&#8221; alignment=&#8221;center&#8221; css=&#8221;.vc_custom_1706714745877{padding-top: 5px !important;}&#8221;][\/vc_column][\/vc_row][vc_row][vc_column][vc_column_text]Les moteurs, les composants \u00e9lectriques et pneumatiques sur les presses de d\u00e9coupage Balconi sont install\u00e9s sur des supports antivibratoires, pour pr\u00e9venir des casses pr\u00e9matur\u00e9es caus\u00e9es par les fortes vibrations.<\/p>\n<p>Dans nos presses de d\u00e9coupage les jeux sont rigoureusement contr\u00f4l\u00e9s pendant toutes les phases de fabrication. En effet des jeux trop importants peuvent augmenter les effets des vibrations et du ph\u00e9nom\u00e8ne \u00ab breakthrough \u00bb.<\/p>\n<p>La gamme de presse de d\u00e9coupage Balconi est tr\u00e8s vaste et elle comprend des machines jusqu\u2019\u00e0 8000 kN[\/vc_column_text][\/vc_column][\/vc_row][vc_row][vc_column][vc_separator color=&#8221;custom&#8221; border_width=&#8221;2&#8243; accent_color=&#8221;#1a9667&#8243;][\/vc_column][\/vc_row][vc_row][vc_column][vc_column_text]<\/p>\n<h2>PRESSES POUR D\u00c9COUPER LES T\u00d4LES MAGN\u00c9TIQUES<\/h2>\n<p>[\/vc_column_text][vc_column_text]Le d\u00e9coupage des t\u00f4les magn\u00e9tiques \u00e0 haute vitesse n\u00e9cessite des machines ayant une forte rigidit\u00e9 structurelle, pour pouvoir absorber et r\u00e9sister \u00e0 l\u2019effet des fortes vibrations auxquelles la presse est soumise pendant la production.<\/p>\n<p>Il est aussi n\u00e9cessaire d\u2019avoir un guidage du coulisseau tr\u00e8s pr\u00e9cis, un syst\u00e8me de stabilisation thermique de l\u2019huile de graissage de la machine, un syst\u00e8me dynamique d\u2019\u00e9quilibrage des forces d\u2019inertie des masses en mouvement (vilebrequin, bielles, coulisseau et partie sup\u00e9rieure de l\u2019outil) qui permettent \u00e0 la presse de fonctionner \u00e0 des grandes vitesses sans vibrations, sur des amortisseurs sp\u00e9cifiques \u00e0 ressorts, sans besoin d\u2019ancrage au sol ou de fondations.<\/p>\n<p>La rigidit\u00e9 de la structure de la machine garantit des valeurs minimales de flexion du socle sous charge totale, pour permettre un meilleur fonctionnement de l\u2019outil, une dur\u00e9e de l\u2019outil plus longue et une pr\u00e9cision plus \u00e9lev\u00e9e de la t\u00f4le magn\u00e9tiques produites.[\/vc_column_text][vc_single_image image=&#8221;25614&#8243; img_size=&#8221;medium&#8221;][vc_column_text]Le dispositif d\u2019ouverture rapide du coulisseau de 100 mm (Quick Lift), pour d\u00e9blocage presse ou pour inspection de la zone outil.<br \/>\nLes presses destin\u00e9es \u00e0 la production des t\u00f4les magn\u00e9tiques ont de courses tr\u00e8s courtes et pendant la phase de mise \u00e0 point de l\u2019outil, l\u2019op\u00e9rateur dispose d\u2019une espace tr\u00e8s r\u00e9duite pour l\u2019inspection \u00e0 l\u2019int\u00e9rieur de l\u2019outil.<\/p>\n<p>Gr\u00e2ce au dispositif QUICK Lift, actionn\u00e9 par une commande sur le panneau op\u00e9rateur, le coulisseau se l\u00e8ve automatiquement de 100 mm en quelques secondes et, \u00e0 la fin de l\u2019op\u00e9ration, il retourne \u00e0 son exacte position de travail d\u2019abord, en \u00e9vitant ainsi des r\u00e9glages longs et difficiles du coulisseau, ce qui permet une gagne de temps important et une grande pr\u00e9cision.<\/p>\n<p>La stabilisation thermique du syst\u00e8me de graissage en continu de la machine.<\/p>\n<p>Le graissage de tous les points de travail est assur\u00e9 par un syst\u00e8me \u00e0 recirculation forc\u00e9e \u00e0 haute pression et r\u00e9cup\u00e9ration totale du lubrifiant, qui permet de faire tourner l\u2019huile \u00e0 l\u2019int\u00e9rieur de toute la structure de la machine, et de maintenir la temp\u00e9rature du lubrifiant constante par un syst\u00e8me de thermo-r\u00e9frig\u00e9ration. Ce syst\u00e8me permet un graissage optimis\u00e9, \u00e9vite des difformit\u00e9s de distribution de la chaleur \u00e0 la structure de la machine et garantit donc une pr\u00e9cision de fonctionnement plus \u00e9lev\u00e9e.<\/p>\n<p>La gamme de presses de d\u00e9coupage Balconi est tr\u00e8s vaste et comprend des machines jusqu\u2019\u00e0 6300 kN[\/vc_column_text][vc_gallery type=&#8221;image_grid&#8221; images=&#8221;26925,26888,26872,26865,26574,26187,26184,26122,27077,27076,27075,27074,27073&#8243;][vc_empty_space height=&#8221;20&#8243;][vc_row_inner][vc_column_inner width=&#8221;1\/2&#8243;][vc_btn title=&#8221;PRESSES RAPIDES POUR LE D\u00c9COUPAGE&#8221; style=&#8221;custom&#8221; custom_background=&#8221;#1da773&#8243; custom_text=&#8221;#ffffff&#8221; shape=&#8221;round&#8221; align=&#8221;left&#8221; link=&#8221;url:https%3A%2F%2Fwww.balconi.it%2Fwp-content%2Fuploads%2F2021%2F06%2FHigh-speed-presses-for-alu-slugs-steel-washers-and-coin-blanks.pdf|target:_blank|&#8221; css=&#8221;.vc_custom_1747293886158{margin-top: 0px !important;}&#8221;][\/vc_column_inner][vc_column_inner width=&#8221;1\/2&#8243;][vc_btn title=&#8221;PRESSES RAPIDES POUR T\u00d4LES MAGN\u00c9TIQUES&#8221; style=&#8221;custom&#8221; custom_background=&#8221;#1da773&#8243; custom_text=&#8221;#ffffff&#8221; shape=&#8221;round&#8221; align=&#8221;left&#8221; link=&#8221;url:https%3A%2F%2Fbalconi.it%2Fwp-content%2Fuploads%2F2024%2F06%2F2DMHS_Lamierini_Rev2_A4.pdf|target:_blank&#8221; css=&#8221;.vc_custom_1747293901863{margin-top: 0px !important;}&#8221;][\/vc_column_inner][\/vc_row_inner][\/vc_column][\/vc_row]<\/p>\n<\/div>","protected":false},"excerpt":{"rendered":"<p>[vc_row][vc_column][vc_column_text]Les presses de d\u00e9coupe sont des machines destin\u00e9es \u00e0 produire \u00e0 des cadences \u00e9lev\u00e9es, des pi\u00e8ces g\u00e9n\u00e9ralement plates ou ayant des petits pliages, de faibles ou moyennes \u00e9paisseurs. Balconi a \u00e9t\u00e9 le premier fabricant italien de ce type de machine,&#8230;<\/p>\n","protected":false},"author":1,"featured_media":0,"parent":0,"menu_order":0,"comment_status":"closed","ping_status":"closed","template":"","meta":{"footnotes":""},"yoast_head":"<!-- This site is optimized with the Yoast SEO plugin v22.4 - https:\/\/yoast.com\/wordpress\/plugins\/seo\/ -->\n<title>Presses de decoupe rapide - Balconi Presseccentriche<\/title>\n<meta name=\"robots\" content=\"index, follow, max-snippet:-1, max-image-preview:large, max-video-preview:-1\" \/>\n<link rel=\"canonical\" href=\"https:\/\/balconi.it\/fr\/blanking\/\" \/>\n<meta property=\"og:locale\" content=\"fr_FR\" \/>\n<meta property=\"og:type\" content=\"article\" \/>\n<meta property=\"og:title\" content=\"Presses de decoupe rapide - Balconi Presseccentriche\" \/>\n<meta property=\"og:description\" content=\"[vc_row][vc_column][vc_column_text]Les presses de d\u00e9coupe sont des machines destin\u00e9es \u00e0 produire \u00e0 des cadences \u00e9lev\u00e9es, des pi\u00e8ces g\u00e9n\u00e9ralement plates ou ayant des petits pliages, de faibles ou moyennes \u00e9paisseurs. Balconi a \u00e9t\u00e9 le premier fabricant italien de ce type de machine,...\" \/>\n<meta property=\"og:url\" content=\"https:\/\/balconi.it\/fr\/blanking\/\" \/>\n<meta property=\"og:site_name\" content=\"Balconi Presseccentriche\" \/>\n<meta property=\"article:modified_time\" content=\"2025-05-15T07:25:06+00:00\" \/>\n<meta name=\"twitter:card\" content=\"summary_large_image\" \/>\n<meta name=\"twitter:label1\" content=\"Dur\u00e9e de lecture estim\u00e9e\" \/>\n\t<meta name=\"twitter:data1\" content=\"4 minutes\" \/>\n<script type=\"application\/ld+json\" class=\"yoast-schema-graph\">{\"@context\":\"https:\/\/schema.org\",\"@graph\":[{\"@type\":\"WebPage\",\"@id\":\"https:\/\/balconi.it\/fr\/blanking\/\",\"url\":\"https:\/\/balconi.it\/fr\/blanking\/\",\"name\":\"Presses de decoupe rapide - Balconi Presseccentriche\",\"isPartOf\":{\"@id\":\"https:\/\/balconi.it\/#website\"},\"datePublished\":\"2018-09-28T13:34:07+00:00\",\"dateModified\":\"2025-05-15T07:25:06+00:00\",\"breadcrumb\":{\"@id\":\"https:\/\/balconi.it\/fr\/blanking\/#breadcrumb\"},\"inLanguage\":\"fr-FR\",\"potentialAction\":[{\"@type\":\"ReadAction\",\"target\":[\"https:\/\/balconi.it\/fr\/blanking\/\"]}]},{\"@type\":\"BreadcrumbList\",\"@id\":\"https:\/\/balconi.it\/fr\/blanking\/#breadcrumb\",\"itemListElement\":[{\"@type\":\"ListItem\",\"position\":1,\"name\":\"Home\",\"item\":\"https:\/\/balconi.it\/fr\/\"},{\"@type\":\"ListItem\",\"position\":2,\"name\":\"Presses de decoupe rapide\"}]},{\"@type\":\"WebSite\",\"@id\":\"https:\/\/balconi.it\/#website\",\"url\":\"https:\/\/balconi.it\/\",\"name\":\"Balconi Presseccentriche\",\"description\":\"\",\"publisher\":{\"@id\":\"https:\/\/balconi.it\/#organization\"},\"potentialAction\":[{\"@type\":\"SearchAction\",\"target\":{\"@type\":\"EntryPoint\",\"urlTemplate\":\"https:\/\/balconi.it\/?s={search_term_string}\"},\"query-input\":\"required name=search_term_string\"}],\"inLanguage\":\"fr-FR\"},{\"@type\":\"Organization\",\"@id\":\"https:\/\/balconi.it\/#organization\",\"name\":\"Balconi Presseccentriche S.p.A.\",\"url\":\"https:\/\/balconi.it\/\",\"logo\":{\"@type\":\"ImageObject\",\"inLanguage\":\"fr-FR\",\"@id\":\"https:\/\/balconi.it\/#\/schema\/logo\/image\/\",\"url\":\"http:\/\/balconi.it\/wp-content\/uploads\/2018\/10\/balconi.jpg\",\"contentUrl\":\"http:\/\/balconi.it\/wp-content\/uploads\/2018\/10\/balconi.jpg\",\"width\":1207,\"height\":1057,\"caption\":\"Balconi Presseccentriche S.p.A.\"},\"image\":{\"@id\":\"https:\/\/balconi.it\/#\/schema\/logo\/image\/\"}}]}<\/script>\n<!-- \/ Yoast SEO plugin. -->","yoast_head_json":{"title":"Presses de decoupe rapide - Balconi Presseccentriche","robots":{"index":"index","follow":"follow","max-snippet":"max-snippet:-1","max-image-preview":"max-image-preview:large","max-video-preview":"max-video-preview:-1"},"canonical":"https:\/\/balconi.it\/fr\/blanking\/","og_locale":"fr_FR","og_type":"article","og_title":"Presses de decoupe rapide - Balconi Presseccentriche","og_description":"[vc_row][vc_column][vc_column_text]Les presses de d\u00e9coupe sont des machines destin\u00e9es \u00e0 produire \u00e0 des cadences \u00e9lev\u00e9es, des pi\u00e8ces g\u00e9n\u00e9ralement plates ou ayant des petits pliages, de faibles ou moyennes \u00e9paisseurs. Balconi a \u00e9t\u00e9 le premier fabricant italien de ce type de machine,...","og_url":"https:\/\/balconi.it\/fr\/blanking\/","og_site_name":"Balconi Presseccentriche","article_modified_time":"2025-05-15T07:25:06+00:00","twitter_card":"summary_large_image","twitter_misc":{"Dur\u00e9e de lecture estim\u00e9e":"4 minutes"},"schema":{"@context":"https:\/\/schema.org","@graph":[{"@type":"WebPage","@id":"https:\/\/balconi.it\/fr\/blanking\/","url":"https:\/\/balconi.it\/fr\/blanking\/","name":"Presses de decoupe rapide - Balconi Presseccentriche","isPartOf":{"@id":"https:\/\/balconi.it\/#website"},"datePublished":"2018-09-28T13:34:07+00:00","dateModified":"2025-05-15T07:25:06+00:00","breadcrumb":{"@id":"https:\/\/balconi.it\/fr\/blanking\/#breadcrumb"},"inLanguage":"fr-FR","potentialAction":[{"@type":"ReadAction","target":["https:\/\/balconi.it\/fr\/blanking\/"]}]},{"@type":"BreadcrumbList","@id":"https:\/\/balconi.it\/fr\/blanking\/#breadcrumb","itemListElement":[{"@type":"ListItem","position":1,"name":"Home","item":"https:\/\/balconi.it\/fr\/"},{"@type":"ListItem","position":2,"name":"Presses de decoupe rapide"}]},{"@type":"WebSite","@id":"https:\/\/balconi.it\/#website","url":"https:\/\/balconi.it\/","name":"Balconi Presseccentriche","description":"","publisher":{"@id":"https:\/\/balconi.it\/#organization"},"potentialAction":[{"@type":"SearchAction","target":{"@type":"EntryPoint","urlTemplate":"https:\/\/balconi.it\/?s={search_term_string}"},"query-input":"required name=search_term_string"}],"inLanguage":"fr-FR"},{"@type":"Organization","@id":"https:\/\/balconi.it\/#organization","name":"Balconi Presseccentriche S.p.A.","url":"https:\/\/balconi.it\/","logo":{"@type":"ImageObject","inLanguage":"fr-FR","@id":"https:\/\/balconi.it\/#\/schema\/logo\/image\/","url":"http:\/\/balconi.it\/wp-content\/uploads\/2018\/10\/balconi.jpg","contentUrl":"http:\/\/balconi.it\/wp-content\/uploads\/2018\/10\/balconi.jpg","width":1207,"height":1057,"caption":"Balconi Presseccentriche S.p.A."},"image":{"@id":"https:\/\/balconi.it\/#\/schema\/logo\/image\/"}}]}},"_links":{"self":[{"href":"https:\/\/balconi.it\/fr\/wp-json\/wp\/v2\/pages\/25613"}],"collection":[{"href":"https:\/\/balconi.it\/fr\/wp-json\/wp\/v2\/pages"}],"about":[{"href":"https:\/\/balconi.it\/fr\/wp-json\/wp\/v2\/types\/page"}],"author":[{"embeddable":true,"href":"https:\/\/balconi.it\/fr\/wp-json\/wp\/v2\/users\/1"}],"replies":[{"embeddable":true,"href":"https:\/\/balconi.it\/fr\/wp-json\/wp\/v2\/comments?post=25613"}],"version-history":[{"count":28,"href":"https:\/\/balconi.it\/fr\/wp-json\/wp\/v2\/pages\/25613\/revisions"}],"predecessor-version":[{"id":27411,"href":"https:\/\/balconi.it\/fr\/wp-json\/wp\/v2\/pages\/25613\/revisions\/27411"}],"wp:attachment":[{"href":"https:\/\/balconi.it\/fr\/wp-json\/wp\/v2\/media?parent=25613"}],"curies":[{"name":"wp","href":"https:\/\/api.w.org\/{rel}","templated":true}]}}