{"id":25611,"date":"2018-09-28T15:33:52","date_gmt":"2018-09-28T13:33:52","guid":{"rendered":"https:\/\/www.balconi.it\/presse-transfer\/"},"modified":"2025-03-14T14:51:46","modified_gmt":"2025-03-14T13:51:46","slug":"presse-transfer","status":"publish","type":"page","link":"https:\/\/balconi.it\/fr\/presse-transfer\/","title":{"rendered":"Presses Transfert"},"content":{"rendered":"<div class=\"wpb-content-wrapper\"><p>[vc_row][vc_column width=&#8221;1\/2&#8243;][vc_column_text]Dans la production avec des outils transfert, la pi\u00e8ce \u00e0 produire est transport\u00e9e au moyen d\u2019un dispositif transfert dans les diff\u00e9rents postes de l\u2019outil dans la presse.<br \/>\nCe type de technologie de production permet d\u2019optimiser l\u2019utilisation du mat\u00e9riel.<\/p>\n<p>L\u2019alimentation du flan dans la presse peut \u00eatre effectu\u00e9e soit par un d\u00e9pileur ou dans un poste de d\u00e9coupe habituellement situ\u00e9e \u00e0 l\u2019ext\u00e9rieur des montants de la presse, par une cisaille en ligne ou encore dans le premier poste de l\u2019outil.[\/vc_column_text][\/vc_column][vc_column width=&#8221;1\/2&#8243;][vc_single_image image=&#8221;25724&#8243; img_size=&#8221;full&#8221; alignment=&#8221;center&#8221;][\/vc_column][\/vc_row][vc_row][vc_column][vc_column_text]Les presses transfert Balconi comprennent une vaste gamme de mod\u00e8les pour r\u00e9pondre aux besoins les plus diversifi\u00e9s et aux exigences sp\u00e9cifiques de production:<\/p>\n<ul>\n<li>Balconi fabrique presses transfert ayant une force jusqu\u2019\u00e0 30.000 kN<\/li>\n<li>La cin\u00e9matique pour le mouvement du coulisseau peut \u00eatre, selon les diff\u00e9rentes utilisations et pi\u00e8ces \u00e0 produire, Link-drive ou Servodrive<\/li>\n<li>Selon les dimensions des tables et des besoins de production, ces presses sont fabriqu\u00e9es avec deux ou quatre bielles.<\/li>\n<li>Elles sont en g\u00e9n\u00e9ral caract\u00e9ris\u00e9es par une grande ouverture entre les montants de la presse pour permettre le passage du syst\u00e8me transfert.<\/li>\n<li>Les presses transfert Balconi peuvent \u00eatre \u00e9quip\u00e9es et fournies avec des lignes d\u2019alimentation de la bande ou d\u00e9pileurs, des coussins serre-flans pneumatiques ou hydrauliques, des \u00e9jecteurs dans le coulisseau pour faciliter le proc\u00e9d\u00e9 de production et l\u2019\u00e9jection de la pi\u00e8ce dans le poste de l\u2019outil.<\/li>\n<li>Les syst\u00e8mes transfert son \u00e9lectroniques \u00e0 deux ou trois axes.<\/li>\n<li>Toutes les machines peuvent \u00eatre \u00e9quip\u00e9es d\u2019un syst\u00e8me de changement rapide de l\u2019outil pour r\u00e9duire les temps de changement de production et de mise \u00e0 point.<\/li>\n<\/ul>\n<p>[\/vc_column_text][\/vc_column][\/vc_row][vc_row][vc_column][vc_separator color=&#8221;custom&#8221; border_width=&#8221;2&#8243; accent_color=&#8221;#1a9667&#8243;][\/vc_column][\/vc_row][vc_row][vc_column][vc_column_text]<\/p>\n<h2>LINK-DRIVE:<\/h2>\n<p>[\/vc_column_text][vc_single_image image=&#8221;27358&#8243; img_size=&#8221;medium&#8221;][vc_column_text]Ce syst\u00e8me est indiqu\u00e9 pour des machines ayant une grande course, pour la production de pi\u00e8ces embouties. Le mouvement du coulisseau est ralenti pendant toute la hauteur d\u2019emboutissage \u00e0 vitesse constante, pour optimiser la d\u00e9formation du mat\u00e9riel.[\/vc_column_text][vc_single_image image=&#8221;27359&#8243; img_size=&#8221;medium&#8221;][\/vc_column][\/vc_row][vc_row][vc_column][vc_separator color=&#8221;custom&#8221; border_width=&#8221;2&#8243; accent_color=&#8221;#1a9667&#8243;][\/vc_column][\/vc_row][vc_row][vc_column][vc_column_text]<\/p>\n<h2>SERVODRIVE:<\/h2>\n<p>[\/vc_column_text][vc_single_image image=&#8221;26522&#8243; img_size=&#8221;medium&#8221;][vc_column_text]Ce type de ralentissement est effectu\u00e9 par des servomoteurs couple et il repr\u00e9sente le plus haut niveau de flexibilit\u00e9 et productivit\u00e9. Les renseignements sp\u00e9cifiques pour ce type de machines \u00e0 Servomoteurs se trouvent dans la section sp\u00e9cifique : <a href=\"https:\/\/www.balconi.it\/new\/servopresse\/\">\u201cSERVOPRESSES\u201d<\/a>[\/vc_column_text][vc_gallery type=&#8221;image_grid&#8221; images=&#8221;27131,26296,26293,26290&#8243;][\/vc_column][\/vc_row]<\/p>\n<\/div>","protected":false},"excerpt":{"rendered":"<p>[vc_row][vc_column width=&#8221;1\/2&#8243;][vc_column_text]Dans la production avec des outils transfert, la pi\u00e8ce \u00e0 produire est transport\u00e9e au moyen d\u2019un dispositif transfert dans les diff\u00e9rents postes de l\u2019outil dans la presse. Ce type de technologie de production permet d\u2019optimiser l\u2019utilisation du mat\u00e9riel. L\u2019alimentation&#8230;<\/p>\n","protected":false},"author":1,"featured_media":0,"parent":0,"menu_order":0,"comment_status":"closed","ping_status":"closed","template":"","meta":{"footnotes":""},"yoast_head":"<!-- This site is optimized with the Yoast SEO plugin v22.4 - https:\/\/yoast.com\/wordpress\/plugins\/seo\/ -->\n<title>Presses Transfert - Balconi Presseccentriche<\/title>\n<meta name=\"robots\" content=\"index, follow, max-snippet:-1, max-image-preview:large, max-video-preview:-1\" \/>\n<link rel=\"canonical\" href=\"https:\/\/balconi.it\/fr\/presse-transfer\/\" \/>\n<meta property=\"og:locale\" content=\"fr_FR\" \/>\n<meta property=\"og:type\" content=\"article\" \/>\n<meta property=\"og:title\" content=\"Presses Transfert - Balconi Presseccentriche\" \/>\n<meta property=\"og:description\" content=\"[vc_row][vc_column width=&#8221;1\/2&#8243;][vc_column_text]Dans la production avec des outils transfert, la pi\u00e8ce \u00e0 produire est transport\u00e9e au moyen d\u2019un dispositif transfert dans les diff\u00e9rents postes de l\u2019outil dans la presse. Ce type de technologie de production permet d\u2019optimiser l\u2019utilisation du mat\u00e9riel. L\u2019alimentation...\" \/>\n<meta property=\"og:url\" content=\"https:\/\/balconi.it\/fr\/presse-transfer\/\" \/>\n<meta property=\"og:site_name\" content=\"Balconi Presseccentriche\" \/>\n<meta property=\"article:modified_time\" content=\"2025-03-14T13:51:46+00:00\" \/>\n<meta name=\"twitter:card\" content=\"summary_large_image\" \/>\n<meta name=\"twitter:label1\" content=\"Dur\u00e9e de lecture estim\u00e9e\" \/>\n\t<meta name=\"twitter:data1\" content=\"2 minutes\" \/>\n<script type=\"application\/ld+json\" class=\"yoast-schema-graph\">{\"@context\":\"https:\/\/schema.org\",\"@graph\":[{\"@type\":\"WebPage\",\"@id\":\"https:\/\/balconi.it\/fr\/presse-transfer\/\",\"url\":\"https:\/\/balconi.it\/fr\/presse-transfer\/\",\"name\":\"Presses Transfert - Balconi Presseccentriche\",\"isPartOf\":{\"@id\":\"https:\/\/balconi.it\/#website\"},\"datePublished\":\"2018-09-28T13:33:52+00:00\",\"dateModified\":\"2025-03-14T13:51:46+00:00\",\"breadcrumb\":{\"@id\":\"https:\/\/balconi.it\/fr\/presse-transfer\/#breadcrumb\"},\"inLanguage\":\"fr-FR\",\"potentialAction\":[{\"@type\":\"ReadAction\",\"target\":[\"https:\/\/balconi.it\/fr\/presse-transfer\/\"]}]},{\"@type\":\"BreadcrumbList\",\"@id\":\"https:\/\/balconi.it\/fr\/presse-transfer\/#breadcrumb\",\"itemListElement\":[{\"@type\":\"ListItem\",\"position\":1,\"name\":\"Home\",\"item\":\"https:\/\/balconi.it\/fr\/\"},{\"@type\":\"ListItem\",\"position\":2,\"name\":\"Presses Transfert\"}]},{\"@type\":\"WebSite\",\"@id\":\"https:\/\/balconi.it\/#website\",\"url\":\"https:\/\/balconi.it\/\",\"name\":\"Balconi Presseccentriche\",\"description\":\"\",\"publisher\":{\"@id\":\"https:\/\/balconi.it\/#organization\"},\"potentialAction\":[{\"@type\":\"SearchAction\",\"target\":{\"@type\":\"EntryPoint\",\"urlTemplate\":\"https:\/\/balconi.it\/?s={search_term_string}\"},\"query-input\":\"required name=search_term_string\"}],\"inLanguage\":\"fr-FR\"},{\"@type\":\"Organization\",\"@id\":\"https:\/\/balconi.it\/#organization\",\"name\":\"Balconi Presseccentriche S.p.A.\",\"url\":\"https:\/\/balconi.it\/\",\"logo\":{\"@type\":\"ImageObject\",\"inLanguage\":\"fr-FR\",\"@id\":\"https:\/\/balconi.it\/#\/schema\/logo\/image\/\",\"url\":\"http:\/\/balconi.it\/wp-content\/uploads\/2018\/10\/balconi.jpg\",\"contentUrl\":\"http:\/\/balconi.it\/wp-content\/uploads\/2018\/10\/balconi.jpg\",\"width\":1207,\"height\":1057,\"caption\":\"Balconi Presseccentriche S.p.A.\"},\"image\":{\"@id\":\"https:\/\/balconi.it\/#\/schema\/logo\/image\/\"}}]}<\/script>\n<!-- \/ Yoast SEO plugin. -->","yoast_head_json":{"title":"Presses Transfert - Balconi Presseccentriche","robots":{"index":"index","follow":"follow","max-snippet":"max-snippet:-1","max-image-preview":"max-image-preview:large","max-video-preview":"max-video-preview:-1"},"canonical":"https:\/\/balconi.it\/fr\/presse-transfer\/","og_locale":"fr_FR","og_type":"article","og_title":"Presses Transfert - Balconi Presseccentriche","og_description":"[vc_row][vc_column width=&#8221;1\/2&#8243;][vc_column_text]Dans la production avec des outils transfert, la pi\u00e8ce \u00e0 produire est transport\u00e9e au moyen d\u2019un dispositif transfert dans les diff\u00e9rents postes de l\u2019outil dans la presse. Ce type de technologie de production permet d\u2019optimiser l\u2019utilisation du mat\u00e9riel. L\u2019alimentation...","og_url":"https:\/\/balconi.it\/fr\/presse-transfer\/","og_site_name":"Balconi Presseccentriche","article_modified_time":"2025-03-14T13:51:46+00:00","twitter_card":"summary_large_image","twitter_misc":{"Dur\u00e9e de lecture estim\u00e9e":"2 minutes"},"schema":{"@context":"https:\/\/schema.org","@graph":[{"@type":"WebPage","@id":"https:\/\/balconi.it\/fr\/presse-transfer\/","url":"https:\/\/balconi.it\/fr\/presse-transfer\/","name":"Presses Transfert - Balconi Presseccentriche","isPartOf":{"@id":"https:\/\/balconi.it\/#website"},"datePublished":"2018-09-28T13:33:52+00:00","dateModified":"2025-03-14T13:51:46+00:00","breadcrumb":{"@id":"https:\/\/balconi.it\/fr\/presse-transfer\/#breadcrumb"},"inLanguage":"fr-FR","potentialAction":[{"@type":"ReadAction","target":["https:\/\/balconi.it\/fr\/presse-transfer\/"]}]},{"@type":"BreadcrumbList","@id":"https:\/\/balconi.it\/fr\/presse-transfer\/#breadcrumb","itemListElement":[{"@type":"ListItem","position":1,"name":"Home","item":"https:\/\/balconi.it\/fr\/"},{"@type":"ListItem","position":2,"name":"Presses Transfert"}]},{"@type":"WebSite","@id":"https:\/\/balconi.it\/#website","url":"https:\/\/balconi.it\/","name":"Balconi Presseccentriche","description":"","publisher":{"@id":"https:\/\/balconi.it\/#organization"},"potentialAction":[{"@type":"SearchAction","target":{"@type":"EntryPoint","urlTemplate":"https:\/\/balconi.it\/?s={search_term_string}"},"query-input":"required name=search_term_string"}],"inLanguage":"fr-FR"},{"@type":"Organization","@id":"https:\/\/balconi.it\/#organization","name":"Balconi Presseccentriche S.p.A.","url":"https:\/\/balconi.it\/","logo":{"@type":"ImageObject","inLanguage":"fr-FR","@id":"https:\/\/balconi.it\/#\/schema\/logo\/image\/","url":"http:\/\/balconi.it\/wp-content\/uploads\/2018\/10\/balconi.jpg","contentUrl":"http:\/\/balconi.it\/wp-content\/uploads\/2018\/10\/balconi.jpg","width":1207,"height":1057,"caption":"Balconi Presseccentriche S.p.A."},"image":{"@id":"https:\/\/balconi.it\/#\/schema\/logo\/image\/"}}]}},"_links":{"self":[{"href":"https:\/\/balconi.it\/fr\/wp-json\/wp\/v2\/pages\/25611"}],"collection":[{"href":"https:\/\/balconi.it\/fr\/wp-json\/wp\/v2\/pages"}],"about":[{"href":"https:\/\/balconi.it\/fr\/wp-json\/wp\/v2\/types\/page"}],"author":[{"embeddable":true,"href":"https:\/\/balconi.it\/fr\/wp-json\/wp\/v2\/users\/1"}],"replies":[{"embeddable":true,"href":"https:\/\/balconi.it\/fr\/wp-json\/wp\/v2\/comments?post=25611"}],"version-history":[{"count":10,"href":"https:\/\/balconi.it\/fr\/wp-json\/wp\/v2\/pages\/25611\/revisions"}],"predecessor-version":[{"id":27366,"href":"https:\/\/balconi.it\/fr\/wp-json\/wp\/v2\/pages\/25611\/revisions\/27366"}],"wp:attachment":[{"href":"https:\/\/balconi.it\/fr\/wp-json\/wp\/v2\/media?parent=25611"}],"curies":[{"name":"wp","href":"https:\/\/api.w.org\/{rel}","templated":true}]}}