{"id":25608,"date":"2018-09-28T15:33:32","date_gmt":"2018-09-28T13:33:32","guid":{"rendered":"https:\/\/www.balconi.it\/presse-per-stampi-progressivi\/"},"modified":"2025-03-14T14:48:50","modified_gmt":"2025-03-14T13:48:50","slug":"presse-per-stampi-progressivi","status":"publish","type":"page","link":"https:\/\/balconi.it\/fr\/presse-per-stampi-progressivi\/","title":{"rendered":"Presses pour outils progressifs"},"content":{"rendered":"<div class=\"wpb-content-wrapper\"><p>[vc_row][vc_column][vc_column_text]Dans la production avec des outils progressifs, le mat\u00e9riel utilis\u00e9 pour produire la pi\u00e8ce est transport\u00e9 dans la presse par des lignes d\u2019alimentation de la bande, qui d\u00e9roulent la bande \u00e0 partir d\u2019une bobine et la pi\u00e8ce est s\u00e9par\u00e9e du reste de la bande dans le dernier poste de l\u2019outil.<br \/>\nCette technologie permet d\u2019atteindre des cadences de production \u00e9lev\u00e9es et des temps de changement de production r\u00e9duits.[\/vc_column_text][\/vc_column][\/vc_row][vc_row][vc_column width=&#8221;1\/2&#8243;][vc_single_image image=&#8221;25723&#8243; img_size=&#8221;full&#8221; alignment=&#8221;center&#8221;][\/vc_column][vc_column width=&#8221;1\/2&#8243;][vc_single_image image=&#8221;26533&#8243; img_size=&#8221;full&#8221; alignment=&#8221;center&#8221;][\/vc_column][\/vc_row][vc_row][vc_column][vc_column_text]Les presses pour outils progressifs Balconi comprennent une vaste gamme de mod\u00e8les pour r\u00e9pondre aux besoins les plus diff\u00e9rents et sp\u00e9cifiques.<\/p>\n<ul>\n<li>Balconi fabrique des presses ayant une force jusqu\u2019\u00e0 30.000 kN<\/li>\n<li>Les presses peuvent avoir une course fixe ou variable ; la cin\u00e9matique pour le mouvement du coulisseau peut \u00eatre, selon les besoins et les pi\u00e8ces \u00e0 produire, \u00e0 excentrique, \u00e0 ralentissement : esadrive, \u00e0 genouill\u00e8re, link-drive ou Servodrive.<\/li>\n<li>Selon les dimensions de la table et les besoins productifs, les presses sont fabriqu\u00e9es \u00e0 une bielle, deux ou quatre bielles.<\/li>\n<li>Toutes les machines peuvent \u00eatre \u00e9quip\u00e9es d\u2019un syst\u00e8me de changement rapide de l\u2019outil, pour r\u00e9duire les temps de changement de production et mise \u00e0 point.<\/li>\n<\/ul>\n<p>[\/vc_column_text][vc_column_text]La rigidit\u00e9 de la structure, des solutions techniques sp\u00e9cifiques de soudage \u00e9tudi\u00e9es et utilis\u00e9es pour la soudure de la structure de nos presses, la pr\u00e9cision des usinages et des montages, le guidage de pr\u00e9cision du coulisseau, r\u00e9alis\u00e9e par le syst\u00e8me Plongeur Balconi, permettent \u00e0 cette gamme de machines d\u2019\u00eatre particuli\u00e8rement indiqu\u00e9es \u00e0 des productions qui utilisent l\u2019acier HLE-THLE.<\/p>\n<p>En effet, ces nouveaux types d\u2019acier causent \u00e0 toute la m\u00e9canique de la presse des fortes vibrations et chocs qui peuvent d\u00e9t\u00e9riorer dans les temps les organes principaux de la presse, si elle n\u2019est pas correctement \u00e9tudi\u00e9e et fabriqu\u00e9e.<\/p>\n<p><strong>Changement automatique de la course<\/strong><br \/>\n<strong>Le changement de la course<\/strong>\u00a0dans les presses m\u00e9caniques \u00e0 excentrique est effectu\u00e9 en automatique et il est g\u00e9r\u00e9 par l\u2019automate de la presse sur le panneau op\u00e9rateur, en partant d\u2019un code outil m\u00e9moris\u00e9 dans la recette outils.<\/p>\n<p><strong>Machines avec cin\u00e9matique \u00e0 ralentissement du coulisseau<\/strong><br \/>\nBalconi propose des diff\u00e9rents syst\u00e8mes pour le ralentissement du coulisseau, chacun \u00e9tudi\u00e9 et r\u00e9alis\u00e9 pour optimiser la productivit\u00e9 de la machine sur la base des besoins du Client, des caract\u00e9ristiques du mat\u00e9riel utilis\u00e9 et de la pi\u00e8ce \u00e0 produire :[\/vc_column_text][\/vc_column][\/vc_row][vc_row][vc_column][vc_separator color=&#8221;custom&#8221; border_width=&#8221;2&#8243; accent_color=&#8221;#1a9667&#8243;][\/vc_column][\/vc_row][vc_row][vc_column][vc_column_text]<\/p>\n<h2>GENOUILLI\u00c8RE:<\/h2>\n<p>[\/vc_column_text][vc_single_image image=&#8221;25609&#8243; img_size=&#8221;medium&#8221;][vc_column_text]Gr\u00e2ce \u00e0 la courbe de ralentissement pr\u00e9vue pendant la phase de travail, ce syst\u00e8me est indiqu\u00e9 pour les machines ayant une course de moyenne longueur, pour la production de pi\u00e8ces avec des op\u00e9rations de frappe sur des mat\u00e9riaux tr\u00e8s durs, m\u00eame de fortes \u00e9paisseurs [\/vc_column_text][vc_single_image image=&#8221;27355&#8243; img_size=&#8221;medium&#8221;][\/vc_column][\/vc_row][vc_row][vc_column][vc_separator color=&#8221;custom&#8221; border_width=&#8221;2&#8243; accent_color=&#8221;#1a9667&#8243;][\/vc_column][\/vc_row][vc_row][vc_column][vc_column_text]<\/p>\n<h2>ESADRIVE:<\/h2>\n<p>[\/vc_column_text][vc_single_image image=&#8221;27356&#8243; img_size=&#8221;medium&#8221;][vc_column_text]Ce syst\u00e8me est indiqu\u00e9 pour des machines ayant une course de moyenne longueur, pour la production de pi\u00e8ces avec de petits emboutissages, de pi\u00e8ces pli\u00e9es ou frapp\u00e9es. Le mouvement du coulisseau est ralenti pendant la phase final de travail et il est acc\u00e9l\u00e9r\u00e9 pendant la course de rapproche et de retour.[\/vc_column_text][vc_single_image image=&#8221;27357&#8243; img_size=&#8221;medium&#8221;][\/vc_column][\/vc_row][vc_row][vc_column][vc_separator color=&#8221;custom&#8221; border_width=&#8221;2&#8243; accent_color=&#8221;#1a9667&#8243;][\/vc_column][\/vc_row][vc_row][vc_column][vc_column_text]<\/p>\n<h2>LINK-DRIVE:<\/h2>\n<p>[\/vc_column_text][vc_single_image image=&#8221;27358&#8243; img_size=&#8221;medium&#8221;][vc_column_text]Ce syst\u00e8me est indiqu\u00e9 pour des machines ayant une grande course, pour la production de pi\u00e8ces embouties. Le mouvement du coulisseau est ralenti pendant toute la hauteur d\u2019emboutissage \u00e0 vitesse constante, pour optimiser la d\u00e9formation du mat\u00e9riel.[\/vc_column_text][vc_single_image image=&#8221;27359&#8243; img_size=&#8221;medium&#8221;][\/vc_column][\/vc_row][vc_row][vc_column][vc_separator color=&#8221;custom&#8221; border_width=&#8221;2&#8243; accent_color=&#8221;#1a9667&#8243;][\/vc_column][\/vc_row][vc_row][vc_column][vc_column_text]<\/p>\n<h2>SERVODRIVE:<\/h2>\n<p>[\/vc_column_text][vc_single_image image=&#8221;26522&#8243; img_size=&#8221;medium&#8221;][vc_column_text]Ce type de ralentissement est effectu\u00e9 par des servomoteurs couple et il repr\u00e9sente le plus haut niveau de flexibilit\u00e9 et productivit\u00e9. Les renseignements sp\u00e9cifiques pour ce type de machines \u00e0 Servomoteurs, vous pouvez les trouver dans la section sp\u00e9cifique : <a href=\"https:\/\/www.balconi.it\/new\/servopresse\/\">\u201cSERVOPRESSES\u201d<\/a>[\/vc_column_text][vc_gallery type=&#8221;image_grid&#8221; images=&#8221;26284,26281,26278,26275,26272,26269,26266,26263,26260,26257,26254,26251&#8243;][\/vc_column][\/vc_row]<\/p>\n<\/div>","protected":false},"excerpt":{"rendered":"<p>[vc_row][vc_column][vc_column_text]Dans la production avec des outils progressifs, le mat\u00e9riel utilis\u00e9 pour produire la pi\u00e8ce est transport\u00e9 dans la presse par des lignes d\u2019alimentation de la bande, qui d\u00e9roulent la bande \u00e0 partir d\u2019une bobine et la pi\u00e8ce est s\u00e9par\u00e9e du&#8230;<\/p>\n","protected":false},"author":1,"featured_media":0,"parent":0,"menu_order":0,"comment_status":"closed","ping_status":"closed","template":"","meta":{"footnotes":""},"yoast_head":"<!-- This site is optimized with the Yoast SEO plugin v22.4 - https:\/\/yoast.com\/wordpress\/plugins\/seo\/ -->\n<title>Presses pour outils progressifs - Balconi Presseccentriche<\/title>\n<meta name=\"robots\" content=\"index, follow, max-snippet:-1, max-image-preview:large, max-video-preview:-1\" \/>\n<link rel=\"canonical\" href=\"https:\/\/balconi.it\/fr\/presse-per-stampi-progressivi\/\" \/>\n<meta property=\"og:locale\" content=\"fr_FR\" \/>\n<meta property=\"og:type\" content=\"article\" \/>\n<meta property=\"og:title\" content=\"Presses pour outils progressifs - Balconi Presseccentriche\" \/>\n<meta property=\"og:description\" content=\"[vc_row][vc_column][vc_column_text]Dans la production avec des outils progressifs, le mat\u00e9riel utilis\u00e9 pour produire la pi\u00e8ce est transport\u00e9 dans la presse par des lignes d\u2019alimentation de la bande, qui d\u00e9roulent la bande \u00e0 partir d\u2019une bobine et la pi\u00e8ce est s\u00e9par\u00e9e du...\" \/>\n<meta property=\"og:url\" content=\"https:\/\/balconi.it\/fr\/presse-per-stampi-progressivi\/\" \/>\n<meta property=\"og:site_name\" content=\"Balconi Presseccentriche\" \/>\n<meta property=\"article:modified_time\" content=\"2025-03-14T13:48:50+00:00\" \/>\n<meta name=\"twitter:card\" content=\"summary_large_image\" \/>\n<meta name=\"twitter:label1\" content=\"Dur\u00e9e de lecture estim\u00e9e\" \/>\n\t<meta name=\"twitter:data1\" content=\"4 minutes\" \/>\n<script type=\"application\/ld+json\" class=\"yoast-schema-graph\">{\"@context\":\"https:\/\/schema.org\",\"@graph\":[{\"@type\":\"WebPage\",\"@id\":\"https:\/\/balconi.it\/fr\/presse-per-stampi-progressivi\/\",\"url\":\"https:\/\/balconi.it\/fr\/presse-per-stampi-progressivi\/\",\"name\":\"Presses pour outils progressifs - Balconi Presseccentriche\",\"isPartOf\":{\"@id\":\"https:\/\/balconi.it\/#website\"},\"datePublished\":\"2018-09-28T13:33:32+00:00\",\"dateModified\":\"2025-03-14T13:48:50+00:00\",\"breadcrumb\":{\"@id\":\"https:\/\/balconi.it\/fr\/presse-per-stampi-progressivi\/#breadcrumb\"},\"inLanguage\":\"fr-FR\",\"potentialAction\":[{\"@type\":\"ReadAction\",\"target\":[\"https:\/\/balconi.it\/fr\/presse-per-stampi-progressivi\/\"]}]},{\"@type\":\"BreadcrumbList\",\"@id\":\"https:\/\/balconi.it\/fr\/presse-per-stampi-progressivi\/#breadcrumb\",\"itemListElement\":[{\"@type\":\"ListItem\",\"position\":1,\"name\":\"Home\",\"item\":\"https:\/\/balconi.it\/fr\/\"},{\"@type\":\"ListItem\",\"position\":2,\"name\":\"Presses pour outils progressifs\"}]},{\"@type\":\"WebSite\",\"@id\":\"https:\/\/balconi.it\/#website\",\"url\":\"https:\/\/balconi.it\/\",\"name\":\"Balconi Presseccentriche\",\"description\":\"\",\"publisher\":{\"@id\":\"https:\/\/balconi.it\/#organization\"},\"potentialAction\":[{\"@type\":\"SearchAction\",\"target\":{\"@type\":\"EntryPoint\",\"urlTemplate\":\"https:\/\/balconi.it\/?s={search_term_string}\"},\"query-input\":\"required name=search_term_string\"}],\"inLanguage\":\"fr-FR\"},{\"@type\":\"Organization\",\"@id\":\"https:\/\/balconi.it\/#organization\",\"name\":\"Balconi Presseccentriche S.p.A.\",\"url\":\"https:\/\/balconi.it\/\",\"logo\":{\"@type\":\"ImageObject\",\"inLanguage\":\"fr-FR\",\"@id\":\"https:\/\/balconi.it\/#\/schema\/logo\/image\/\",\"url\":\"http:\/\/balconi.it\/wp-content\/uploads\/2018\/10\/balconi.jpg\",\"contentUrl\":\"http:\/\/balconi.it\/wp-content\/uploads\/2018\/10\/balconi.jpg\",\"width\":1207,\"height\":1057,\"caption\":\"Balconi Presseccentriche S.p.A.\"},\"image\":{\"@id\":\"https:\/\/balconi.it\/#\/schema\/logo\/image\/\"}}]}<\/script>\n<!-- \/ Yoast SEO plugin. -->","yoast_head_json":{"title":"Presses pour outils progressifs - Balconi Presseccentriche","robots":{"index":"index","follow":"follow","max-snippet":"max-snippet:-1","max-image-preview":"max-image-preview:large","max-video-preview":"max-video-preview:-1"},"canonical":"https:\/\/balconi.it\/fr\/presse-per-stampi-progressivi\/","og_locale":"fr_FR","og_type":"article","og_title":"Presses pour outils progressifs - Balconi Presseccentriche","og_description":"[vc_row][vc_column][vc_column_text]Dans la production avec des outils progressifs, le mat\u00e9riel utilis\u00e9 pour produire la pi\u00e8ce est transport\u00e9 dans la presse par des lignes d\u2019alimentation de la bande, qui d\u00e9roulent la bande \u00e0 partir d\u2019une bobine et la pi\u00e8ce est s\u00e9par\u00e9e du...","og_url":"https:\/\/balconi.it\/fr\/presse-per-stampi-progressivi\/","og_site_name":"Balconi Presseccentriche","article_modified_time":"2025-03-14T13:48:50+00:00","twitter_card":"summary_large_image","twitter_misc":{"Dur\u00e9e de lecture estim\u00e9e":"4 minutes"},"schema":{"@context":"https:\/\/schema.org","@graph":[{"@type":"WebPage","@id":"https:\/\/balconi.it\/fr\/presse-per-stampi-progressivi\/","url":"https:\/\/balconi.it\/fr\/presse-per-stampi-progressivi\/","name":"Presses pour outils progressifs - Balconi Presseccentriche","isPartOf":{"@id":"https:\/\/balconi.it\/#website"},"datePublished":"2018-09-28T13:33:32+00:00","dateModified":"2025-03-14T13:48:50+00:00","breadcrumb":{"@id":"https:\/\/balconi.it\/fr\/presse-per-stampi-progressivi\/#breadcrumb"},"inLanguage":"fr-FR","potentialAction":[{"@type":"ReadAction","target":["https:\/\/balconi.it\/fr\/presse-per-stampi-progressivi\/"]}]},{"@type":"BreadcrumbList","@id":"https:\/\/balconi.it\/fr\/presse-per-stampi-progressivi\/#breadcrumb","itemListElement":[{"@type":"ListItem","position":1,"name":"Home","item":"https:\/\/balconi.it\/fr\/"},{"@type":"ListItem","position":2,"name":"Presses pour outils progressifs"}]},{"@type":"WebSite","@id":"https:\/\/balconi.it\/#website","url":"https:\/\/balconi.it\/","name":"Balconi Presseccentriche","description":"","publisher":{"@id":"https:\/\/balconi.it\/#organization"},"potentialAction":[{"@type":"SearchAction","target":{"@type":"EntryPoint","urlTemplate":"https:\/\/balconi.it\/?s={search_term_string}"},"query-input":"required name=search_term_string"}],"inLanguage":"fr-FR"},{"@type":"Organization","@id":"https:\/\/balconi.it\/#organization","name":"Balconi Presseccentriche S.p.A.","url":"https:\/\/balconi.it\/","logo":{"@type":"ImageObject","inLanguage":"fr-FR","@id":"https:\/\/balconi.it\/#\/schema\/logo\/image\/","url":"http:\/\/balconi.it\/wp-content\/uploads\/2018\/10\/balconi.jpg","contentUrl":"http:\/\/balconi.it\/wp-content\/uploads\/2018\/10\/balconi.jpg","width":1207,"height":1057,"caption":"Balconi Presseccentriche S.p.A."},"image":{"@id":"https:\/\/balconi.it\/#\/schema\/logo\/image\/"}}]}},"_links":{"self":[{"href":"https:\/\/balconi.it\/fr\/wp-json\/wp\/v2\/pages\/25608"}],"collection":[{"href":"https:\/\/balconi.it\/fr\/wp-json\/wp\/v2\/pages"}],"about":[{"href":"https:\/\/balconi.it\/fr\/wp-json\/wp\/v2\/types\/page"}],"author":[{"embeddable":true,"href":"https:\/\/balconi.it\/fr\/wp-json\/wp\/v2\/users\/1"}],"replies":[{"embeddable":true,"href":"https:\/\/balconi.it\/fr\/wp-json\/wp\/v2\/comments?post=25608"}],"version-history":[{"count":10,"href":"https:\/\/balconi.it\/fr\/wp-json\/wp\/v2\/pages\/25608\/revisions"}],"predecessor-version":[{"id":27361,"href":"https:\/\/balconi.it\/fr\/wp-json\/wp\/v2\/pages\/25608\/revisions\/27361"}],"wp:attachment":[{"href":"https:\/\/balconi.it\/fr\/wp-json\/wp\/v2\/media?parent=25608"}],"curies":[{"name":"wp","href":"https:\/\/api.w.org\/{rel}","templated":true}]}}