{"id":25606,"date":"2019-03-07T15:12:31","date_gmt":"2019-03-07T14:12:31","guid":{"rendered":"https:\/\/www.balconi.it\/storia\/"},"modified":"2024-12-17T14:45:59","modified_gmt":"2024-12-17T13:45:59","slug":"storia","status":"publish","type":"page","link":"https:\/\/balconi.it\/fr\/storia\/","title":{"rendered":"Histoire"},"content":{"rendered":"<div class=\"wpb-content-wrapper\"><p>[vc_row disable_custom_paddings_tablet=&#8221;true&#8221; disable_custom_paddings_mobile=&#8221;true&#8221;][vc_column]<div class=\"clearboth\"><\/div><style>#thegem-divider-69eb91e2ef0b9 {margin-top: 77px !important;}<\/style><div id=\"thegem-divider-69eb91e2ef0b9\" class=\"gem-divider  \" style=\"\" ><\/div>[vc_column_text el_class=&#8221;ptext&#8221;]<\/p>\n<p style=\"text-align: center;\">En 1939, Luigi Balconi, ouvre \u00e0 Milan un petit atelier m\u00e9canique pour la production de presses \u00e0 balancier de pr\u00e9cision.<br \/>\nEn 1962, Balconi s&#8217;installe dans son si\u00e8ge actuel \u00e0 Varedo, occupant une surface de 15.000 m\u00b2 o\u00f9 son fils, Costante Balconi, commence la production de presses m\u00e9caniques manuelles \u00e0 col de cygne en s\u00e9rie avec l&#8217;introduction, pour la premi\u00e8re fois sur le march\u00e9, de l&#8217;\u00e9lectronique li\u00e9e aux presses m\u00e9caniques avec l\u2019arriv\u00e9e des premiers amenages \u00e9lectroniques.<br \/>\nAu fil des ann\u00e9es, gr\u00e2ce \u00e0 l&#8217;\u00e9volution technologique continue et \u00e0 la demande du march\u00e9 pour des machines automatiques de plus en plus performantes, Balconi trouve son principal d\u00e9bouch\u00e9, devenant une marque prestigieuse avec une qualit\u00e9 reconnue dans le monde des presses m\u00e9caniques et avec son, depuis toujours, point de force : &#8220;le syst\u00e8me Plongeur Balconi&#8221; pour le guidage de pr\u00e9cision du coulisseau.<br \/>\nBalconi a \u00e9t\u00e9 la premi\u00e8re entreprise du secteur \u00e0 certifier son syst\u00e8me de gestion de la qualit\u00e9 d\u00e9j\u00e0 \u00e0 compter du 1995 selon la norme UNI EN ISO 9001 :2000, devenue UNI EN ISO 9001 :2015.<br \/>\nDans les ann\u00e9es 2000, sa fille, Alessandra Balconi, a rejoint l&#8217;entreprise, en poursuivant et soutenant les nouveaux d\u00e9fis du march\u00e9.<br \/>\nBalconi a rejoint en 2009 le groupe FSD SNOP, une entreprise familiale qui compte aujourd\u2019hui 8300 employ\u00e9s, 38 sites de production, 4 centres techniques dans 13 pays, en consolidant sa pr\u00e9sence comme une r\u00e9alit\u00e9 commerciale internationale de r\u00e9ussite.<\/p>\n<p>[\/vc_column_text]<div class=\"clearboth\"><\/div><style>#thegem-divider-69eb91e2ef344 {margin-top: 80px !important;}<\/style><div id=\"thegem-divider-69eb91e2ef344\" class=\"gem-divider  \" style=\"\" ><\/div>[\/vc_column][\/vc_row][vc_row][vc_column][vc_column_text el_class=&#8221;ptext&#8221;]<\/p>\n<h2 style=\"text-align: center;\"><strong>L\u2019EVOLUTION DE LA PRODUCTION:<\/strong><\/h2>\n<p>[\/vc_column_text]<div class=\"clearboth\"><\/div><style>#thegem-divider-69eb91e2ef399 {margin-top: 50px !important;}<\/style><div id=\"thegem-divider-69eb91e2ef399\" class=\"gem-divider  \" style=\"\" ><\/div>[\/vc_column][\/vc_row][vc_row][vc_column][vc_column_text]<\/p>\n<p style=\"text-align: center;\"><strong>1966 \u2013 presses \u00e0 col de cygne, avec syst\u00e8me plongeur s\u00e9rie MTRS\/L<\/strong><\/p>\n<p>[\/vc_column_text][vc_single_image image=&#8221;25288&#8243; alignment=&#8221;center&#8221; onclick=&#8221;img_link_large&#8221; img_link_target=&#8221;_blank&#8221;][\/vc_column][\/vc_row][vc_row][vc_column][vc_empty_space height=&#8221;30px&#8221;][vc_column_text]<\/p>\n<p style=\"text-align: center;\"><strong>1967 \u2013 presses \u00e0 col de cygne, avec syst\u00e8me plongeur jusqu\u2019\u00e0 750 cpm, s\u00e9rie MTS ; presses \u00e0 arcades jusqu\u2019\u00e0 400 cpm s\u00e9rie DM et 2DM<\/strong><\/p>\n<p>[\/vc_column_text][vc_single_image image=&#8221;25299&#8243; alignment=&#8221;center&#8221; onclick=&#8221;img_link_large&#8221; img_link_target=&#8221;_blank&#8221;][\/vc_column][\/vc_row][vc_row][vc_column][vc_empty_space height=&#8221;30px&#8221;][vc_column_text]<\/p>\n<p style=\"text-align: center;\"><strong>1969 \u2013 presses \u00e0 arcades, avec r\u00e9duction d\u2019engrenages, s\u00e9rie 2DMR<\/strong><\/p>\n<p>[\/vc_column_text][vc_single_image image=&#8221;25303&#8243; alignment=&#8221;center&#8221; onclick=&#8221;img_link_large&#8221; img_link_target=&#8221;_blank&#8221;][\/vc_column][\/vc_row][vc_row][vc_column][vc_empty_space height=&#8221;30px&#8221;][vc_column_text]<\/p>\n<p style=\"text-align: center;\"><strong>1972 \u2013 presses \u00e0 arcades, avec r\u00e9duction d\u2019engrenages et arbres frontales (tables de grandes dimensions), s\u00e9rie 2DMRF<\/strong><\/p>\n<p>[\/vc_column_text][vc_single_image image=&#8221;25306&#8243; alignment=&#8221;center&#8221; onclick=&#8221;img_link_large&#8221; img_link_target=&#8221;_blank&#8221;][\/vc_column][\/vc_row][vc_row][vc_column][vc_empty_space height=&#8221;30px&#8221;][vc_column_text]<\/p>\n<p style=\"text-align: center;\"><strong>1974 \u2013 presses \u00e0 r\u00e9duction d\u2019engrenages avec groupes \u00e0 inertie r\u00e9duite pour production jusqu\u2019\u00e0 250 cpm, s\u00e9rie 2DMRV<\/strong><\/p>\n<p>[\/vc_column_text][vc_single_image image=&#8221;25309&#8243; alignment=&#8221;center&#8221; onclick=&#8221;img_link_large&#8221; img_link_target=&#8221;_blank&#8221;][\/vc_column][\/vc_row][vc_row][vc_column][vc_empty_space height=&#8221;30px&#8221;][vc_column_text]<\/p>\n<p style=\"text-align: center;\"><strong>1976 \u2013 presses horizontales \u00e0 genouill\u00e8re pour l\u2019extrusion \u00e0 froid de l\u2019aluminium, s\u00e9rie KE<\/strong><\/p>\n<p>[\/vc_column_text][vc_single_image image=&#8221;25312&#8243; alignment=&#8221;center&#8221; onclick=&#8221;img_link_large&#8221; img_link_target=&#8221;_blank&#8221;][\/vc_column][\/vc_row][vc_row][vc_column][vc_empty_space height=&#8221;30px&#8221;][vc_column_text]<\/p>\n<p style=\"text-align: center;\"><strong>1978 \u2013 presses \u00e0 colonnes pour la production des contacts \u00e9lectriques, avec \u00e9quilibrage dynamique, vitesses jusqu&#8217;\u00e0 1200 cpm, s\u00e9rie 25DC4hs<\/strong><\/p>\n<p>[\/vc_column_text][vc_single_image image=&#8221;25315&#8243; alignment=&#8221;center&#8221; onclick=&#8221;img_link_large&#8221; img_link_target=&#8221;_blank&#8221;][\/vc_column][\/vc_row][vc_row][vc_column][vc_empty_space height=&#8221;30px&#8221;][vc_column_text]<\/p>\n<p style=\"text-align: center;\"><strong>1980 \u2013 presses \u00e0 r\u00e9duction d\u2019engrenages \u00e0 quatre bielles, s\u00e9rie 4DMRF<\/strong><\/p>\n<p>[\/vc_column_text][vc_single_image image=&#8221;25318&#8243; alignment=&#8221;center&#8221; onclick=&#8221;img_link_large&#8221; img_link_target=&#8221;_blank&#8221;][\/vc_column][\/vc_row][vc_row][vc_column][vc_empty_space height=&#8221;30px&#8221;][vc_column_text]<\/p>\n<p style=\"text-align: center;\"><strong>1980 \u2013 presses transfert avec coulisseau ext\u00e9rieure de grandes dimensions 2DMRV-400-600<\/strong><\/p>\n<p>[\/vc_column_text][vc_single_image image=&#8221;25321&#8243; alignment=&#8221;center&#8221; onclick=&#8221;img_link_large&#8221; img_link_target=&#8221;_blank&#8221;][\/vc_column][\/vc_row][vc_row][vc_column][vc_empty_space height=&#8221;30px&#8221;][vc_column_text]<\/p>\n<p style=\"text-align: center;\"><strong>1982 \u2013 presses \u00e0 haute vitesse (jusqu\u2019\u00e0 800 cpm), avec \u00e9quilibrage dynamique, pour la production des moteurs \u00e9lectriques, monnaies, pions en aluminium, s\u00e9rie 2DMhs<\/strong><\/p>\n<p>[\/vc_column_text][vc_single_image image=&#8221;25326&#8243; alignment=&#8221;center&#8221; onclick=&#8221;img_link_large&#8221; img_link_target=&#8221;_blank&#8221;][\/vc_column][\/vc_row][vc_row][vc_column][vc_empty_space height=&#8221;30px&#8221;][vc_column_text]<\/p>\n<p style=\"text-align: center;\"><strong>1983 \u2013 presses horizontales pour l&#8217;\u00e9tirage des bo\u00eetes en aluminium, s\u00e9rie TR600<\/strong><\/p>\n<p>[\/vc_column_text][vc_single_image image=&#8221;25329&#8243; alignment=&#8221;center&#8221; onclick=&#8221;img_link_large&#8221; img_link_target=&#8221;_blank&#8221;][\/vc_column][\/vc_row][vc_row][vc_column][vc_empty_space height=&#8221;30px&#8221;][vc_column_text]<\/p>\n<p style=\"text-align: center;\"><strong>1983 \u2013 presses \u00e0 colonnes pour la production des ailettes pour radiateurs, s\u00e9rie 60DC4<\/strong><\/p>\n<p>[\/vc_column_text][vc_single_image image=&#8221;25332&#8243; alignment=&#8221;center&#8221; onclick=&#8221;img_link_large&#8221; img_link_target=&#8221;_blank&#8221;][\/vc_column][\/vc_row][vc_row][vc_column][vc_empty_space height=&#8221;30px&#8221;][vc_column_text]<\/p>\n<p style=\"text-align: center;\"><strong>1984 \u2013 presses \u00e0 deux coulisseaux pour la production de bo\u00eetes en t\u00f4le pour l\u2019industrie alimentaire, s\u00e9rie 2DM-2sl<\/strong><\/p>\n<p>[\/vc_column_text][vc_single_image image=&#8221;25335&#8243; alignment=&#8221;center&#8221; onclick=&#8221;img_link_large&#8221; img_link_target=&#8221;_blank&#8221;][\/vc_column][\/vc_row][vc_row][vc_column][vc_empty_space height=&#8221;30px&#8221;][vc_column_text]<\/p>\n<p style=\"text-align: center;\"><strong>1995 \u2013 presses \u00e0 colonnes, avec commande du bas, \u00e9quilibrage dynamique et transfert m\u00e9canique jusqu\u2019\u00e0 300 cpm, s\u00e9rie 60CB4<br \/>\n<\/strong><\/p>\n<p>[\/vc_column_text][vc_single_image image=&#8221;25338&#8243; alignment=&#8221;center&#8221; onclick=&#8221;img_link_large&#8221; img_link_target=&#8221;_blank&#8221;][\/vc_column][\/vc_row][vc_row][vc_column][vc_empty_space height=&#8221;30px&#8221;][vc_column_text]<\/p>\n<p style=\"text-align: center;\"><strong>2002 \u2013 presses \u00e0 double montant de haut tonnage, avec cin\u00e9matique pour le ralentissement du coulisseau en phase de formage, destin\u00e9es principalement au secteur de l\u2019automotive s\u00e9rie 2DMRF-ED-LD<\/strong><\/p>\n<p>[\/vc_column_text][vc_row_inner][vc_column_inner width=&#8221;1\/6&#8243;][\/vc_column_inner][vc_column_inner width=&#8221;1\/6&#8243;][\/vc_column_inner][vc_column_inner width=&#8221;1\/6&#8243;][vc_single_image image=&#8221;25341&#8243; alignment=&#8221;center&#8221; onclick=&#8221;img_link_large&#8221; img_link_target=&#8221;_blank&#8221;][\/vc_column_inner][vc_column_inner width=&#8221;1\/6&#8243;][vc_single_image image=&#8221;25344&#8243; alignment=&#8221;center&#8221; onclick=&#8221;img_link_large&#8221; img_link_target=&#8221;_blank&#8221;][\/vc_column_inner][vc_column_inner width=&#8221;1\/6&#8243;][\/vc_column_inner][vc_column_inner width=&#8221;1\/6&#8243;][\/vc_column_inner][\/vc_row_inner][\/vc_column][\/vc_row][vc_row][vc_column][vc_empty_space height=&#8221;30px&#8221;][vc_column_text]<\/p>\n<p style=\"text-align: center;\"><strong>2011 \u2013 Lignes de profilage, s\u00e9rie PRF2<\/strong><\/p>\n<p>[\/vc_column_text][vc_single_image image=&#8221;25347&#8243; alignment=&#8221;center&#8221; onclick=&#8221;img_link_large&#8221; img_link_target=&#8221;_blank&#8221;][\/vc_column][\/vc_row][vc_row][vc_column][vc_empty_space height=&#8221;30px&#8221;][vc_column_text]<\/p>\n<p style=\"text-align: center;\"><strong>2012 \u2013 Servopresses, soit presses m\u00e9caniques command\u00e9es directement par moteurs \u00e9lectriques avec mouvement du coulisseau enti\u00e8rement programmable, s\u00e9rie 2DMRF-SD <\/strong><\/p>\n<p>[\/vc_column_text][vc_row_inner][vc_column_inner width=&#8221;1\/6&#8243;][\/vc_column_inner][vc_column_inner width=&#8221;1\/6&#8243;][\/vc_column_inner][vc_column_inner width=&#8221;1\/6&#8243;][vc_single_image image=&#8221;25350&#8243; alignment=&#8221;center&#8221; onclick=&#8221;img_link_large&#8221; img_link_target=&#8221;_blank&#8221;][\/vc_column_inner][vc_column_inner width=&#8221;1\/6&#8243;][vc_single_image image=&#8221;25353&#8243; alignment=&#8221;center&#8221; onclick=&#8221;img_link_large&#8221; img_link_target=&#8221;_blank&#8221;][\/vc_column_inner][vc_column_inner width=&#8221;1\/6&#8243;][\/vc_column_inner][vc_column_inner width=&#8221;1\/6&#8243;][\/vc_column_inner][\/vc_row_inner][\/vc_column][\/vc_row][vc_row][vc_column][vc_empty_space height=&#8221;30px&#8221;][vc_column_text]<\/p>\n<p style=\"text-align: center;\"><strong>2016 \u2013 presses pour l\u2019extrusion \u00e0 froid de l\u2019aluminium de 2000 tonnes<\/strong><\/p>\n<p>[\/vc_column_text][vc_single_image image=&#8221;25356&#8243; alignment=&#8221;center&#8221; onclick=&#8221;img_link_large&#8221; img_link_target=&#8221;_blank&#8221;][\/vc_column][\/vc_row][vc_row][vc_column][vc_empty_space height=&#8221;30px&#8221;][vc_column_text]<\/p>\n<p style=\"text-align: center;\"><strong>2016 \u2013 Servopresses transfert 1600 tonnes <\/strong><\/p>\n<p>[\/vc_column_text][vc_single_image image=&#8221;25359&#8243; alignment=&#8221;center&#8221; onclick=&#8221;img_link_large&#8221; img_link_target=&#8221;_blank&#8221;][\/vc_column][\/vc_row][vc_row][vc_column][vc_empty_space height=&#8221;30px&#8221;][vc_column_text]<\/p>\n<p style=\"text-align: center;\"><strong>2021 \u2013 Presses link-drive de 2000 tonnes, transfert, destin\u00e9es \u00e0 l\u2019industrie de l\u2019automotive <\/strong><\/p>\n<p>[\/vc_column_text][vc_single_image image=&#8221;26242&#8243; alignment=&#8221;center&#8221; onclick=&#8221;img_link_large&#8221; img_link_target=&#8221;_blank&#8221;][vc_empty_space height=&#8221;30px&#8221;][\/vc_column][\/vc_row]<\/p>\n<\/div>","protected":false},"excerpt":{"rendered":"<p>[vc_row disable_custom_paddings_tablet=&#8221;true&#8221; disable_custom_paddings_mobile=&#8221;true&#8221;][vc_column][vc_column_text el_class=&#8221;ptext&#8221;] En 1939, Luigi Balconi, ouvre \u00e0 Milan un petit atelier m\u00e9canique pour la production de presses \u00e0 balancier de pr\u00e9cision. En 1962, Balconi s&#8217;installe dans son si\u00e8ge actuel \u00e0 Varedo, occupant une surface de 15.000 m\u00b2&#8230;<\/p>\n","protected":false},"author":1,"featured_media":0,"parent":0,"menu_order":0,"comment_status":"closed","ping_status":"closed","template":"","meta":{"footnotes":""},"yoast_head":"<!-- This site is optimized with the Yoast SEO plugin v22.4 - https:\/\/yoast.com\/wordpress\/plugins\/seo\/ -->\n<title>Histoire - Balconi Presseccentriche<\/title>\n<meta name=\"robots\" content=\"index, follow, max-snippet:-1, max-image-preview:large, max-video-preview:-1\" \/>\n<link rel=\"canonical\" href=\"https:\/\/balconi.it\/fr\/storia\/\" \/>\n<meta property=\"og:locale\" content=\"fr_FR\" \/>\n<meta property=\"og:type\" content=\"article\" \/>\n<meta property=\"og:title\" content=\"Histoire - Balconi Presseccentriche\" \/>\n<meta property=\"og:description\" content=\"[vc_row disable_custom_paddings_tablet=&#8221;true&#8221; disable_custom_paddings_mobile=&#8221;true&#8221;][vc_column][vc_column_text el_class=&#8221;ptext&#8221;] En 1939, Luigi Balconi, ouvre \u00e0 Milan un petit atelier m\u00e9canique pour la production de presses \u00e0 balancier de pr\u00e9cision. En 1962, Balconi s&#8217;installe dans son si\u00e8ge actuel \u00e0 Varedo, occupant une surface de 15.000 m\u00b2...\" \/>\n<meta property=\"og:url\" content=\"https:\/\/balconi.it\/fr\/storia\/\" \/>\n<meta property=\"og:site_name\" content=\"Balconi Presseccentriche\" \/>\n<meta property=\"article:modified_time\" content=\"2024-12-17T13:45:59+00:00\" \/>\n<meta name=\"twitter:card\" content=\"summary_large_image\" \/>\n<meta name=\"twitter:label1\" content=\"Dur\u00e9e de lecture estim\u00e9e\" \/>\n\t<meta name=\"twitter:data1\" content=\"4 minutes\" \/>\n<script type=\"application\/ld+json\" class=\"yoast-schema-graph\">{\"@context\":\"https:\/\/schema.org\",\"@graph\":[{\"@type\":\"WebPage\",\"@id\":\"https:\/\/balconi.it\/fr\/storia\/\",\"url\":\"https:\/\/balconi.it\/fr\/storia\/\",\"name\":\"Histoire - Balconi Presseccentriche\",\"isPartOf\":{\"@id\":\"https:\/\/balconi.it\/#website\"},\"datePublished\":\"2019-03-07T14:12:31+00:00\",\"dateModified\":\"2024-12-17T13:45:59+00:00\",\"breadcrumb\":{\"@id\":\"https:\/\/balconi.it\/fr\/storia\/#breadcrumb\"},\"inLanguage\":\"fr-FR\",\"potentialAction\":[{\"@type\":\"ReadAction\",\"target\":[\"https:\/\/balconi.it\/fr\/storia\/\"]}]},{\"@type\":\"BreadcrumbList\",\"@id\":\"https:\/\/balconi.it\/fr\/storia\/#breadcrumb\",\"itemListElement\":[{\"@type\":\"ListItem\",\"position\":1,\"name\":\"Home\",\"item\":\"https:\/\/balconi.it\/fr\/\"},{\"@type\":\"ListItem\",\"position\":2,\"name\":\"Histoire\"}]},{\"@type\":\"WebSite\",\"@id\":\"https:\/\/balconi.it\/#website\",\"url\":\"https:\/\/balconi.it\/\",\"name\":\"Balconi Presseccentriche\",\"description\":\"\",\"publisher\":{\"@id\":\"https:\/\/balconi.it\/#organization\"},\"potentialAction\":[{\"@type\":\"SearchAction\",\"target\":{\"@type\":\"EntryPoint\",\"urlTemplate\":\"https:\/\/balconi.it\/?s={search_term_string}\"},\"query-input\":\"required name=search_term_string\"}],\"inLanguage\":\"fr-FR\"},{\"@type\":\"Organization\",\"@id\":\"https:\/\/balconi.it\/#organization\",\"name\":\"Balconi Presseccentriche S.p.A.\",\"url\":\"https:\/\/balconi.it\/\",\"logo\":{\"@type\":\"ImageObject\",\"inLanguage\":\"fr-FR\",\"@id\":\"https:\/\/balconi.it\/#\/schema\/logo\/image\/\",\"url\":\"http:\/\/balconi.it\/wp-content\/uploads\/2018\/10\/balconi.jpg\",\"contentUrl\":\"http:\/\/balconi.it\/wp-content\/uploads\/2018\/10\/balconi.jpg\",\"width\":1207,\"height\":1057,\"caption\":\"Balconi Presseccentriche S.p.A.\"},\"image\":{\"@id\":\"https:\/\/balconi.it\/#\/schema\/logo\/image\/\"}}]}<\/script>\n<!-- \/ Yoast SEO plugin. -->","yoast_head_json":{"title":"Histoire - Balconi Presseccentriche","robots":{"index":"index","follow":"follow","max-snippet":"max-snippet:-1","max-image-preview":"max-image-preview:large","max-video-preview":"max-video-preview:-1"},"canonical":"https:\/\/balconi.it\/fr\/storia\/","og_locale":"fr_FR","og_type":"article","og_title":"Histoire - Balconi Presseccentriche","og_description":"[vc_row disable_custom_paddings_tablet=&#8221;true&#8221; disable_custom_paddings_mobile=&#8221;true&#8221;][vc_column][vc_column_text el_class=&#8221;ptext&#8221;] En 1939, Luigi Balconi, ouvre \u00e0 Milan un petit atelier m\u00e9canique pour la production de presses \u00e0 balancier de pr\u00e9cision. En 1962, Balconi s&#8217;installe dans son si\u00e8ge actuel \u00e0 Varedo, occupant une surface de 15.000 m\u00b2...","og_url":"https:\/\/balconi.it\/fr\/storia\/","og_site_name":"Balconi Presseccentriche","article_modified_time":"2024-12-17T13:45:59+00:00","twitter_card":"summary_large_image","twitter_misc":{"Dur\u00e9e de lecture estim\u00e9e":"4 minutes"},"schema":{"@context":"https:\/\/schema.org","@graph":[{"@type":"WebPage","@id":"https:\/\/balconi.it\/fr\/storia\/","url":"https:\/\/balconi.it\/fr\/storia\/","name":"Histoire - Balconi Presseccentriche","isPartOf":{"@id":"https:\/\/balconi.it\/#website"},"datePublished":"2019-03-07T14:12:31+00:00","dateModified":"2024-12-17T13:45:59+00:00","breadcrumb":{"@id":"https:\/\/balconi.it\/fr\/storia\/#breadcrumb"},"inLanguage":"fr-FR","potentialAction":[{"@type":"ReadAction","target":["https:\/\/balconi.it\/fr\/storia\/"]}]},{"@type":"BreadcrumbList","@id":"https:\/\/balconi.it\/fr\/storia\/#breadcrumb","itemListElement":[{"@type":"ListItem","position":1,"name":"Home","item":"https:\/\/balconi.it\/fr\/"},{"@type":"ListItem","position":2,"name":"Histoire"}]},{"@type":"WebSite","@id":"https:\/\/balconi.it\/#website","url":"https:\/\/balconi.it\/","name":"Balconi Presseccentriche","description":"","publisher":{"@id":"https:\/\/balconi.it\/#organization"},"potentialAction":[{"@type":"SearchAction","target":{"@type":"EntryPoint","urlTemplate":"https:\/\/balconi.it\/?s={search_term_string}"},"query-input":"required name=search_term_string"}],"inLanguage":"fr-FR"},{"@type":"Organization","@id":"https:\/\/balconi.it\/#organization","name":"Balconi Presseccentriche S.p.A.","url":"https:\/\/balconi.it\/","logo":{"@type":"ImageObject","inLanguage":"fr-FR","@id":"https:\/\/balconi.it\/#\/schema\/logo\/image\/","url":"http:\/\/balconi.it\/wp-content\/uploads\/2018\/10\/balconi.jpg","contentUrl":"http:\/\/balconi.it\/wp-content\/uploads\/2018\/10\/balconi.jpg","width":1207,"height":1057,"caption":"Balconi Presseccentriche S.p.A."},"image":{"@id":"https:\/\/balconi.it\/#\/schema\/logo\/image\/"}}]}},"_links":{"self":[{"href":"https:\/\/balconi.it\/fr\/wp-json\/wp\/v2\/pages\/25606"}],"collection":[{"href":"https:\/\/balconi.it\/fr\/wp-json\/wp\/v2\/pages"}],"about":[{"href":"https:\/\/balconi.it\/fr\/wp-json\/wp\/v2\/types\/page"}],"author":[{"embeddable":true,"href":"https:\/\/balconi.it\/fr\/wp-json\/wp\/v2\/users\/1"}],"replies":[{"embeddable":true,"href":"https:\/\/balconi.it\/fr\/wp-json\/wp\/v2\/comments?post=25606"}],"version-history":[{"count":12,"href":"https:\/\/balconi.it\/fr\/wp-json\/wp\/v2\/pages\/25606\/revisions"}],"predecessor-version":[{"id":27127,"href":"https:\/\/balconi.it\/fr\/wp-json\/wp\/v2\/pages\/25606\/revisions\/27127"}],"wp:attachment":[{"href":"https:\/\/balconi.it\/fr\/wp-json\/wp\/v2\/media?parent=25606"}],"curies":[{"name":"wp","href":"https:\/\/api.w.org\/{rel}","templated":true}]}}