{"id":25602,"date":"2016-02-23T10:49:12","date_gmt":"2016-02-23T10:49:12","guid":{"rendered":"https:\/\/www.balconi.it\/chi-siamo\/"},"modified":"2019-10-23T19:34:57","modified_gmt":"2019-10-23T17:34:57","slug":"chi-siamo","status":"publish","type":"page","link":"https:\/\/balconi.it\/fr\/chi-siamo\/","title":{"rendered":"Qui Sommes nous"},"content":{"rendered":"<div class=\"wpb-content-wrapper\"><p>[vc_row disable_custom_paddings_tablet=&#8221;true&#8221; disable_custom_paddings_mobile=&#8221;true&#8221;][vc_column]<div class=\"clearboth\"><\/div><style>#thegem-divider-69f0f595e5bba {margin-top: 77px !important;}<\/style><div id=\"thegem-divider-69f0f595e5bba\" class=\"gem-divider  \" style=\"\" ><\/div>[vc_column_text el_class=&#8221;ptext&#8221;]<\/p>\n<p style=\"text-align: center;\">Dans tout secteur exigeant haute pr\u00e9cision, fiabilit\u00e9, productivit\u00e9 et flexibilit\u00e9 avec de bas co\u00fbts de gestion Balconi a les comp\u00e9tences pour \u00e9tudier, proposer et r\u00e9aliser non seulement des machines ad\u00e9quates et efficaces, mais des solutions technologiques innovantes et des installations de production int\u00e9gr\u00e9es qui r\u00e9pondent aux standards de production les plus \u00e9lev\u00e9s.<br \/>\nL\u2019int\u00e9gralit\u00e9 du processus de fabrication est assur\u00e9e en interne par personnel hautement qualifi\u00e9 : de la conception aux usinages, des montages de pr\u00e9cision \u00e0 la mise en fonction, jusqu\u2019au service apr\u00e8s-vente.<br \/>\nAinsi, chaque phase de conception et de fabrication reste sous contr\u00f4le afin d\u2019assurer le niveau de qualit\u00e9 d\u2019excellence reconnu \u00e0 nos machines.<\/p>\n<p>[\/vc_column_text]<div class=\"clearboth\"><\/div><style>#thegem-divider-69f0f595e5d22 {margin-top: 95px !important;}<\/style><div id=\"thegem-divider-69f0f595e5d22\" class=\"gem-divider  \" style=\"\" ><\/div>[\/vc_column][\/vc_row][vc_row full_width=&#8221;stretch_row_content_no_spaces&#8221; css=&#8221;.vc_custom_1554900743110{margin-bottom: 0px !important;border-bottom-width: 0px !important;padding-bottom: 0px !important;background-image: url(https:\/\/www.balconi.it\/new\/wp-content\/uploads\/2019\/04\/DJI_0833_new.jpg?id=25175) !important;}&#8221;][vc_column css=&#8221;.vc_custom_1558692292393{background-image: url(https:\/\/www.balconi.it\/wp-content\/uploads\/2018\/10\/L1030733.jpg?id=24746) !important;background-position: center !important;background-repeat: no-repeat !important;background-size: cover !important;}&#8221;][vc_empty_space height=&#8221;600px&#8221;][\/vc_column][\/vc_row]<\/p>\n<\/div>","protected":false},"excerpt":{"rendered":"<p>[vc_row disable_custom_paddings_tablet=&#8221;true&#8221; disable_custom_paddings_mobile=&#8221;true&#8221;][vc_column][vc_column_text el_class=&#8221;ptext&#8221;] Dans tout secteur exigeant haute pr\u00e9cision, fiabilit\u00e9, productivit\u00e9 et flexibilit\u00e9 avec de bas co\u00fbts de gestion Balconi a les comp\u00e9tences pour \u00e9tudier, proposer et r\u00e9aliser non seulement des machines ad\u00e9quates et efficaces, mais des solutions technologiques&#8230;<\/p>\n","protected":false},"author":1,"featured_media":0,"parent":0,"menu_order":0,"comment_status":"closed","ping_status":"closed","template":"","meta":{"footnotes":""},"yoast_head":"<!-- This site is optimized with the Yoast SEO plugin v22.4 - https:\/\/yoast.com\/wordpress\/plugins\/seo\/ -->\n<title>Qui Sommes nous - Balconi Presseccentriche<\/title>\n<meta name=\"robots\" content=\"index, follow, max-snippet:-1, max-image-preview:large, max-video-preview:-1\" \/>\n<link rel=\"canonical\" href=\"https:\/\/balconi.it\/fr\/chi-siamo\/\" \/>\n<meta property=\"og:locale\" content=\"fr_FR\" \/>\n<meta property=\"og:type\" content=\"article\" \/>\n<meta property=\"og:title\" content=\"Qui Sommes nous - Balconi Presseccentriche\" \/>\n<meta property=\"og:description\" content=\"[vc_row disable_custom_paddings_tablet=&#8221;true&#8221; disable_custom_paddings_mobile=&#8221;true&#8221;][vc_column][vc_column_text el_class=&#8221;ptext&#8221;] Dans tout secteur exigeant haute pr\u00e9cision, fiabilit\u00e9, productivit\u00e9 et flexibilit\u00e9 avec de bas co\u00fbts de gestion Balconi a les comp\u00e9tences pour \u00e9tudier, proposer et r\u00e9aliser non seulement des machines ad\u00e9quates et efficaces, mais des solutions technologiques...\" \/>\n<meta property=\"og:url\" content=\"https:\/\/balconi.it\/fr\/chi-siamo\/\" \/>\n<meta property=\"og:site_name\" content=\"Balconi Presseccentriche\" \/>\n<meta property=\"article:modified_time\" content=\"2019-10-23T17:34:57+00:00\" \/>\n<meta name=\"twitter:card\" content=\"summary_large_image\" \/>\n<meta name=\"twitter:label1\" content=\"Dur\u00e9e de lecture estim\u00e9e\" \/>\n\t<meta name=\"twitter:data1\" content=\"1 minute\" \/>\n<script type=\"application\/ld+json\" class=\"yoast-schema-graph\">{\"@context\":\"https:\/\/schema.org\",\"@graph\":[{\"@type\":\"WebPage\",\"@id\":\"https:\/\/balconi.it\/fr\/chi-siamo\/\",\"url\":\"https:\/\/balconi.it\/fr\/chi-siamo\/\",\"name\":\"Qui Sommes nous - Balconi Presseccentriche\",\"isPartOf\":{\"@id\":\"https:\/\/balconi.it\/#website\"},\"datePublished\":\"2016-02-23T10:49:12+00:00\",\"dateModified\":\"2019-10-23T17:34:57+00:00\",\"breadcrumb\":{\"@id\":\"https:\/\/balconi.it\/fr\/chi-siamo\/#breadcrumb\"},\"inLanguage\":\"fr-FR\",\"potentialAction\":[{\"@type\":\"ReadAction\",\"target\":[\"https:\/\/balconi.it\/fr\/chi-siamo\/\"]}]},{\"@type\":\"BreadcrumbList\",\"@id\":\"https:\/\/balconi.it\/fr\/chi-siamo\/#breadcrumb\",\"itemListElement\":[{\"@type\":\"ListItem\",\"position\":1,\"name\":\"Home\",\"item\":\"https:\/\/balconi.it\/fr\/\"},{\"@type\":\"ListItem\",\"position\":2,\"name\":\"Qui Sommes nous\"}]},{\"@type\":\"WebSite\",\"@id\":\"https:\/\/balconi.it\/#website\",\"url\":\"https:\/\/balconi.it\/\",\"name\":\"Balconi Presseccentriche\",\"description\":\"\",\"publisher\":{\"@id\":\"https:\/\/balconi.it\/#organization\"},\"potentialAction\":[{\"@type\":\"SearchAction\",\"target\":{\"@type\":\"EntryPoint\",\"urlTemplate\":\"https:\/\/balconi.it\/?s={search_term_string}\"},\"query-input\":\"required name=search_term_string\"}],\"inLanguage\":\"fr-FR\"},{\"@type\":\"Organization\",\"@id\":\"https:\/\/balconi.it\/#organization\",\"name\":\"Balconi Presseccentriche S.p.A.\",\"url\":\"https:\/\/balconi.it\/\",\"logo\":{\"@type\":\"ImageObject\",\"inLanguage\":\"fr-FR\",\"@id\":\"https:\/\/balconi.it\/#\/schema\/logo\/image\/\",\"url\":\"http:\/\/balconi.it\/wp-content\/uploads\/2018\/10\/balconi.jpg\",\"contentUrl\":\"http:\/\/balconi.it\/wp-content\/uploads\/2018\/10\/balconi.jpg\",\"width\":1207,\"height\":1057,\"caption\":\"Balconi Presseccentriche S.p.A.\"},\"image\":{\"@id\":\"https:\/\/balconi.it\/#\/schema\/logo\/image\/\"}}]}<\/script>\n<!-- \/ Yoast SEO plugin. -->","yoast_head_json":{"title":"Qui Sommes nous - Balconi Presseccentriche","robots":{"index":"index","follow":"follow","max-snippet":"max-snippet:-1","max-image-preview":"max-image-preview:large","max-video-preview":"max-video-preview:-1"},"canonical":"https:\/\/balconi.it\/fr\/chi-siamo\/","og_locale":"fr_FR","og_type":"article","og_title":"Qui Sommes nous - Balconi Presseccentriche","og_description":"[vc_row disable_custom_paddings_tablet=&#8221;true&#8221; disable_custom_paddings_mobile=&#8221;true&#8221;][vc_column][vc_column_text el_class=&#8221;ptext&#8221;] Dans tout secteur exigeant haute pr\u00e9cision, fiabilit\u00e9, productivit\u00e9 et flexibilit\u00e9 avec de bas co\u00fbts de gestion Balconi a les comp\u00e9tences pour \u00e9tudier, proposer et r\u00e9aliser non seulement des machines ad\u00e9quates et efficaces, mais des solutions technologiques...","og_url":"https:\/\/balconi.it\/fr\/chi-siamo\/","og_site_name":"Balconi Presseccentriche","article_modified_time":"2019-10-23T17:34:57+00:00","twitter_card":"summary_large_image","twitter_misc":{"Dur\u00e9e de lecture estim\u00e9e":"1 minute"},"schema":{"@context":"https:\/\/schema.org","@graph":[{"@type":"WebPage","@id":"https:\/\/balconi.it\/fr\/chi-siamo\/","url":"https:\/\/balconi.it\/fr\/chi-siamo\/","name":"Qui Sommes nous - Balconi Presseccentriche","isPartOf":{"@id":"https:\/\/balconi.it\/#website"},"datePublished":"2016-02-23T10:49:12+00:00","dateModified":"2019-10-23T17:34:57+00:00","breadcrumb":{"@id":"https:\/\/balconi.it\/fr\/chi-siamo\/#breadcrumb"},"inLanguage":"fr-FR","potentialAction":[{"@type":"ReadAction","target":["https:\/\/balconi.it\/fr\/chi-siamo\/"]}]},{"@type":"BreadcrumbList","@id":"https:\/\/balconi.it\/fr\/chi-siamo\/#breadcrumb","itemListElement":[{"@type":"ListItem","position":1,"name":"Home","item":"https:\/\/balconi.it\/fr\/"},{"@type":"ListItem","position":2,"name":"Qui Sommes nous"}]},{"@type":"WebSite","@id":"https:\/\/balconi.it\/#website","url":"https:\/\/balconi.it\/","name":"Balconi Presseccentriche","description":"","publisher":{"@id":"https:\/\/balconi.it\/#organization"},"potentialAction":[{"@type":"SearchAction","target":{"@type":"EntryPoint","urlTemplate":"https:\/\/balconi.it\/?s={search_term_string}"},"query-input":"required name=search_term_string"}],"inLanguage":"fr-FR"},{"@type":"Organization","@id":"https:\/\/balconi.it\/#organization","name":"Balconi Presseccentriche S.p.A.","url":"https:\/\/balconi.it\/","logo":{"@type":"ImageObject","inLanguage":"fr-FR","@id":"https:\/\/balconi.it\/#\/schema\/logo\/image\/","url":"http:\/\/balconi.it\/wp-content\/uploads\/2018\/10\/balconi.jpg","contentUrl":"http:\/\/balconi.it\/wp-content\/uploads\/2018\/10\/balconi.jpg","width":1207,"height":1057,"caption":"Balconi Presseccentriche S.p.A."},"image":{"@id":"https:\/\/balconi.it\/#\/schema\/logo\/image\/"}}]}},"_links":{"self":[{"href":"https:\/\/balconi.it\/fr\/wp-json\/wp\/v2\/pages\/25602"}],"collection":[{"href":"https:\/\/balconi.it\/fr\/wp-json\/wp\/v2\/pages"}],"about":[{"href":"https:\/\/balconi.it\/fr\/wp-json\/wp\/v2\/types\/page"}],"author":[{"embeddable":true,"href":"https:\/\/balconi.it\/fr\/wp-json\/wp\/v2\/users\/1"}],"replies":[{"embeddable":true,"href":"https:\/\/balconi.it\/fr\/wp-json\/wp\/v2\/comments?post=25602"}],"version-history":[{"count":4,"href":"https:\/\/balconi.it\/fr\/wp-json\/wp\/v2\/pages\/25602\/revisions"}],"predecessor-version":[{"id":25955,"href":"https:\/\/balconi.it\/fr\/wp-json\/wp\/v2\/pages\/25602\/revisions\/25955"}],"wp:attachment":[{"href":"https:\/\/balconi.it\/fr\/wp-json\/wp\/v2\/media?parent=25602"}],"curies":[{"name":"wp","href":"https:\/\/api.w.org\/{rel}","templated":true}]}}